{"id":19264,"date":"2026-04-26T12:53:26","date_gmt":"2026-04-26T10:53:26","guid":{"rendered":"https:\/\/wakage.de\/?page_id=19264"},"modified":"2026-05-06T18:36:55","modified_gmt":"2026-05-06T16:36:55","slug":"home_2024-2025_neu-2-2-2-2-2","status":"publish","type":"page","link":"https:\/\/wakage.de\/","title":{"rendered":"Home 2026-2027_1.0"},"content":{"rendered":"<p>[vc_row row_type=&#8220;row&#8220; use_row_as_full_screen_section=&#8220;no&#8220; type=&#8220;full_width&#8220; angled_section=&#8220;no&#8220; text_align=&#8220;left&#8220; background_image_as_pattern=&#8220;without_pattern&#8220; css_animation=&#8220;&#8220;][\/vc_row][vc_row row_type=&#8220;row&#8220; use_row_as_full_screen_section=&#8220;no&#8220; type=&#8220;grid&#8220; anchor=&#8220;portfolio&#8220; angled_section=&#8220;no&#8220; text_align=&#8220;left&#8220; background_image_as_pattern=&#8220;without_pattern&#8220; padding_top=&#8220;40&#8243; padding_bottom=&#8220;90&#8243; css_animation=&#8220;&#8220;][vc_column width=&#8220;1\/2&#8243;][vc_empty_space height=&#8220;30px&#8220;][vc_single_image image=&#8220;19181&#8243; img_size=&#8220;full&#8220; alignment=&#8220;center&#8220; style=&#8220;vc_box_shadow_3d&#8220; qode_css_animation=&#8220;element_from_left&#8220; transition_delay=&#8220;0.5&#8243; css=&#8220;.vc_custom_1765876431785{margin-top: 5px !important;margin-left: 10px !important;}&#8220;][vc_empty_space height=&#8220;20px&#8220;][vc_empty_space height=&#8220;20px&#8220;][vc_empty_space height=&#8220;20px&#8220;][vc_column_text css=&#8220;.vc_custom_1765876472392{margin-top: 10px !important;margin-left: 10px !important;}&#8220;]<\/p>\n<h4 style=\"text-align: left;\">Das aktuelle Sessionsheft 2026 &#8230;<\/h4>\n<p>[\/vc_column_text][vc_empty_space height=&#8220;20px&#8220;][vc_single_image image=&#8220;19205&#8243; img_size=&#8220;medium&#8220; style=&#8220;vc_box_shadow_3d&#8220; onclick=&#8220;custom_link&#8220; img_link_target=&#8220;_blank&#8220; qode_css_animation=&#8220;element_from_left&#8220; transition_delay=&#8220;0.5&#8243; css=&#8220;.vc_custom_1769339374507{margin-top: 5px !important;margin-left: 10px !important;}&#8220; link=&#8220;https:\/\/wakage.de\/wp-content\/uploads\/2026\/01\/260125_Liederheft_Sessionsheft_2026_07.pdf&#8220;][vc_empty_space height=&#8220;20px&#8220;][\/vc_column][vc_column width=&#8220;1\/2&#8243;][vc_empty_space height=&#8220;40px&#8220;][vc_column_text css=&#8220;.vc_custom_1764488255722{margin-left: 10px !important;}&#8220;]<\/p>\n<h4 style=\"text-align: left;\"><a href=\"https:\/\/wakage.de\/index.php\/matthias-i\/\"><span style=\"text-decoration: underline; font-size: 24pt;\">Prinz Matthias I., \u201eder Warendorfer Tabler aus dem Elferrat\u201c<\/span><\/a><\/h4>\n<p>[\/vc_column_text][vc_empty_space height=&#8220;40px&#8220;][vc_column_text css=&#8220;.vc_custom_1764488298410{margin-left: 10px !important;}&#8220;]<\/p>\n<p style=\"text-align: justify;\"><span style=\"font-family: georgia, palatino, serif; font-size: 12pt;\">Matthias Elpers regiert als Prinz Matthias I., \u201eder Warendorfer Tabler aus dem Elferrat\u201c die Karnevalisten in der Emsstadt. F\u00fcr den 46-J\u00e4hrigen ist damit ein lang gehegter Wunsch in Erf\u00fcllung gegangen. F\u00fcr die Warendorfer Karnevalsgesellschaft (WaKaGe), die den Betriebswirt f\u00fcr Wirtschaftsinformatik am Ende einer glanzvollen Galasitzung zum neuen Narrenoberhaupt f\u00fcr die Session 2025\/2026 proklamierte, h\u00e4lt damit wieder ein Eigengew\u00e4chs das Narrenzepter in H\u00e4nden:<\/span><\/p>\n<p>&nbsp;<\/p>\n<p><strong><a href=\"https:\/\/wakage.de\/index.php\/matthias-i\/\">Weiter lesen &#8230;<\/a><\/strong>[\/vc_column_text]<a  itemprop=\"url\" href=\"https:\/\/wakage.de\/wp-content\/uploads\/2025\/12\/Text-Prinzenlied.pdf\" target=\"_self\"  class=\"qbutton  small default\" style=\"margin: 15px 0px 10px 10px; \">Prinzenlied TEXT (PDF)<\/a>[vc_empty_space height=&#8220;30px&#8220;][vc_column_text css=&#8220;.vc_custom_1765875772786{margin-left: 10px !important;}&#8220;]<\/p>\n<h4 style=\"text-align: left;\">Hier geht es zur Aufzeichnung der Prinzenproklamation vom 29.11.2025 &#8230;<\/h4>\n<p>[\/vc_column_text][vc_empty_space height=&#8220;30px&#8220;][vc_single_image image=&#8220;19216&#8243; img_size=&#8220;medium&#8220; add_caption=&#8220;yes&#8220; style=&#8220;vc_box_shadow_3d&#8220; onclick=&#8220;custom_link&#8220; qode_css_animation=&#8220;element_from_left&#8220; transition_delay=&#8220;0,5&#8243; link=&#8220;https:\/\/video.pripro.de\/&#8220; css=&#8220;.vc_custom_1765876362551{margin-left: 10px !important;}&#8220;][vc_empty_space height=&#8220;30px&#8220;][\/vc_column][\/vc_row][vc_row row_type=&#8220;row&#8220; use_row_as_full_screen_section=&#8220;no&#8220; type=&#8220;full_width&#8220; angled_section=&#8220;no&#8220; text_align=&#8220;left&#8220; background_image_as_pattern=&#8220;without_pattern&#8220; css_animation=&#8220;&#8220;][vc_column][\/vc_column][\/vc_row][vc_row row_type=&#8220;row&#8220; use_row_as_full_screen_section=&#8220;no&#8220; type=&#8220;grid&#8220; angled_section=&#8220;no&#8220; text_align=&#8220;left&#8220; background_image_as_pattern=&#8220;without_pattern&#8220; padding_top=&#8220;40&#8243; padding_bottom=&#8220;90&#8243; css_animation=&#8220;&#8220;][vc_column width=&#8220;1\/2&#8243;][vc_empty_space height=&#8220;40px&#8220;][vc_column_text]<\/p>\n<h4 style=\"text-align: left;\">TERMINE &#8211;<em>vorl\u00e4ufig<\/em>&#8211;<\/h4>\n<p>[\/vc_column_text][vc_single_image image=&#8220;16962&#8243; img_size=&#8220;full&#8220; alignment=&#8220;center&#8220; qode_css_animation=&#8220;element_from_left&#8220; transition_delay=&#8220;0.5&#8243;][vc_column_text]<\/p>\n<table style=\"height: 1155px; width: 100%; border-collapse: collapse;\">\n<tbody>\n<tr style=\"height: 24px;\">\n<td style=\"width: 22.9958%; height: 24px; text-align: left;\"><strong>DATUM<\/strong><\/td>\n<td style=\"width: 32.1855%; height: 24px; text-align: left;\"><strong>VERANSTALTUNG<\/strong><\/td>\n<td style=\"width: 44.6518%; height: 24px; text-align: left;\"><strong>ORT<\/strong><\/td>\n<\/tr>\n<tr class=\"linie\" style=\"height: 96px;\">\n<td style=\"width: 22.9958%; height: 24px; text-align: left;\"><strong>29.05.2026<\/strong><\/td>\n<td style=\"width: 32.1855%; height: 24px; text-align: left;\"><strong>Jahreshauptversammlung der WaKaGe<\/strong><\/td>\n<td style=\"width: 44.6518%; height: 24px; text-align: left;\"><strong>Hotel &#8222;Im Engel&#8220;<\/strong><\/td>\n<\/tr>\n<tr class=\"linie\" style=\"height: 96px;\">\n<td style=\"width: 22.9958%; height: 80px; text-align: left;\"><strong>11.11.2026<\/strong><\/td>\n<td style=\"width: 32.1855%; height: 80px; text-align: left;\"><strong>&#8222;Moritz wecken&#8220;<\/strong><\/p>\n<p>19:11 Uhr<\/td>\n<td style=\"width: 44.6518%; height: 80px; text-align: left;\"><strong>Marktplatz,\u00a0<\/strong><\/p>\n<p>Historisches Rathaus<\/td>\n<\/tr>\n<tr class=\"linie\" style=\"height: 96px;\">\n<td style=\"width: 22.9958%; height: 24px; text-align: left;\"><strong>14.11.2026<\/strong><\/td>\n<td style=\"width: 32.1855%; height: 24px; text-align: left;\"><strong>Auftaktfest<\/strong><\/p>\n<p>19:30 Uhr<\/td>\n<td style=\"width: 44.6518%; height: 24px; text-align: left;\"><strong>Haus Allendorf<\/strong><\/td>\n<\/tr>\n<tr class=\"linie\" style=\"height: 96px;\">\n<td style=\"width: 22.9958%; height: 82px; text-align: left;\"><strong>28.11.2026<\/strong><\/td>\n<td style=\"width: 32.1855%; height: 82px; text-align: left;\"><strong>&#8222;WaKalopp&#8220;<\/strong><\/p>\n<p>14:11 Uhr<\/p>\n<p>Warendorfer Karnevalsaufgalopp<\/td>\n<td style=\"width: 44.6518%; height: 82px; text-align: left;\"><strong>\u00a0<\/strong><\/td>\n<\/tr>\n<tr class=\"linie\" style=\"height: 96px;\">\n<td style=\"width: 22.9958%; height: 24px; text-align: left;\"><strong>28.11.2026<\/strong><\/td>\n<td style=\"width: 32.1855%; height: 24px; text-align: left;\"><strong>Prinzenproklamation<\/strong><\/p>\n<p>19:30 Uhr<\/td>\n<td style=\"width: 44.6518%; height: 24px; text-align: left;\"><strong>\u00a0<\/strong><\/td>\n<\/tr>\n<tr class=\"linie\" style=\"height: 96px;\">\n<td style=\"width: 22.9958%; height: 136px; text-align: left;\"><strong>29.11.2026<\/strong><\/td>\n<td style=\"width: 32.1855%; height: 136px; text-align: left;\"><strong>Prinzenfr\u00fchschoppen<\/strong><\/p>\n<p>der neuen Tollit\u00e4t<\/p>\n<p>12:11 Uhr<\/td>\n<td style=\"width: 44.6518%; height: 136px; text-align: left;\"><strong>Hotel &#8222;Im Engel&#8220;<\/strong><\/td>\n<\/tr>\n<tr class=\"linie\" style=\"height: 96px;\">\n<td style=\"width: 22.9958%; height: 24px; text-align: left;\"><strong>Termin in Kl\u00e4rung<\/strong><\/td>\n<td style=\"width: 32.1855%; height: 24px; text-align: left;\"><strong>Serenade der WaKaGe<\/strong><\/td>\n<td style=\"width: 44.6518%; height: 24px; text-align: left;\"><strong>Ort in Kl\u00e4rung<\/strong><\/td>\n<\/tr>\n<tr class=\"linie\" style=\"height: 96px;\">\n<td style=\"width: 22.9958%; height: 24px; text-align: left;\"><strong>30.01.2027<\/strong><\/td>\n<td style=\"width: 32.1855%; height: 24px; text-align: left;\"><strong>Prinzenball<\/strong><\/td>\n<td style=\"width: 44.6518%; height: 24px; text-align: left;\"><strong>Haus Allendorf<\/strong><\/td>\n<\/tr>\n<tr class=\"linie\" style=\"height: 96px;\">\n<td style=\"width: 22.9958%; height: 96px; text-align: left;\"><strong>04.02.2027<\/strong><\/td>\n<td style=\"width: 32.1855%; height: 96px; text-align: left;\"><strong>Er\u00f6ffnung Altweiberkarneval<\/strong><\/td>\n<td style=\"width: 44.6518%; height: 96px; text-align: left;\"><strong>Marktplatz,<\/strong><\/p>\n<p>Historisches Rathaus<\/td>\n<\/tr>\n<tr class=\"linie\" style=\"height: 96px;\">\n<td style=\"width: 22.9958%; height: 136px; text-align: left;\"><strong>05.02.2027<\/strong><\/td>\n<td style=\"width: 32.1855%; height: 136px; text-align: left;\"><strong>Gro\u00dfe Warendorfer Karnevalsnacht<\/strong><\/p>\n<p>Organisator<\/p>\n<p>B\u00fcrgerausschuss Warendorfer Karneval<\/td>\n<td style=\"width: 44.6518%; height: 136px; text-align: left;\"><strong>Oberer Lohwall<\/strong><\/td>\n<\/tr>\n<tr class=\"linie\" style=\"height: 96px;\">\n<td style=\"width: 22.9958%; height: 96px; text-align: left;\"><strong>06.02.2027<\/strong><\/td>\n<td style=\"width: 32.1855%; height: 96px; text-align: left;\"><strong>Kinderkarneval<\/strong><\/p>\n<p>Beginn: 14 Uhr<\/td>\n<td style=\"width: 44.6518%; height: 96px; text-align: left;\"><strong>Haus Allendorf<\/strong><\/td>\n<\/tr>\n<tr class=\"linie\" style=\"height: 96px;\">\n<td style=\"width: 22.9958%; height: 96px; text-align: left;\"><strong>07.02.2027<\/strong><\/td>\n<td style=\"width: 32.1855%; height: 96px; text-align: left;\"><strong>Rathaussturm<\/strong><\/td>\n<td style=\"width: 44.6518%; height: 96px; text-align: left;\"><strong>Marktplatz,<\/strong><\/p>\n<p>Historisches Rathaus<\/td>\n<\/tr>\n<tr class=\"linie\" style=\"height: 96px;\">\n<td style=\"width: 22.9958%; height: 136px; text-align: left;\"><strong>08.02.2027<\/strong><\/td>\n<td style=\"width: 32.1855%; height: 136px; text-align: left;\"><strong>Rosenmontagsumzug<\/strong><\/p>\n<p>13:11 Uhr<\/p>\n<p>ab Sportschule der Bundeswehr<\/td>\n<td style=\"width: 44.6518%; height: 136px; text-align: left;\"><strong>\u00a0<\/strong><\/td>\n<\/tr>\n<tr class=\"linie\" style=\"height: 96px;\">\n<td style=\"width: 22.9958%; height: 120px; text-align: left;\"><strong>09.02.2027<\/strong><\/td>\n<td style=\"width: 32.1855%; height: 120px; text-align: left;\"><strong>Abschluss der Karnevalszeit, der Moritz wird schlafen gelegt<\/strong><\/p>\n<p>19:11 Uhr<\/td>\n<td style=\"width: 44.6518%; height: 120px; text-align: left;\"><strong>Marktplatz,<\/strong><\/p>\n<p>Historisches Rathaus<\/td>\n<\/tr>\n<tr class=\"linie\" style=\"height: 96px;\">\n<td style=\"width: 22.9958%; height: 24px; text-align: left;\"><strong>09.02.2027<\/strong><\/td>\n<td style=\"width: 32.1855%; height: 24px; text-align: left;\"><strong>Abschlussabend<\/strong><\/td>\n<td style=\"width: 44.6518%; height: 24px; text-align: left;\"><strong>Hotel &#8222;Im Engel&#8220;<\/strong><\/td>\n<\/tr>\n<\/tbody>\n<\/table>\n<p>[\/vc_column_text][\/vc_column][vc_column width=&#8220;1\/2&#8243;][vc_empty_space height=&#8220;40px&#8220;][vc_column_text css=&#8220;.vc_custom_1504207396444{margin-left: 10px !important;}&#8220;]<\/p>\n<h4 style=\"text-align: left;\">SIND SIE AUCH MIT DEM KARNEVALISTISCHEN VIRUS INFIZIERT?<\/h4>\n<p>[\/vc_column_text][vc_separator type=&#8220;transparent&#8220; up=&#8220;12&#8243; down=&#8220;0&#8243;][vc_column_text css=&#8220;.vc_custom_1504207413379{margin-left: 10px !important;}&#8220;]Werden Sie f\u00f6rderndes Mitglied und unterst\u00fctzen Sie den Warendorfer\u00a0Karneval. Erhalten Sie Einladungen und Informationen der WaKaGe und bleiben Sie stets auf dem Laufenden &#8230;<\/p>\n<p>Evtl. haben Sie zus\u00e4tzlich auch Interesse an fest reservierten Karten f\u00fcr unsere Prinzenproklamation, diese erhalten Sie zum Vorzugspreis &#8230;[\/vc_column_text][vc_column_text css=&#8220;.vc_custom_1736445631652{margin-left: 60px !important;}&#8220;]<a href=\"https:\/\/wakage.de\/wp-content\/uploads\/2025\/01\/Mitgliedsantrag-WaKaGe-2024.pdf\"><img decoding=\"async\" loading=\"lazy\" class=\"alignnone wp-image-16903\" src=\"http:\/\/wakage.de\/wp-content\/uploads\/2017\/08\/Mitgliedsantrag-Bierdeckel-Vorderseite_I_WEB.jpg\" alt=\"Mitgliedsantrag Bierdeckel Vorderseite_I_WEB\" width=\"720\" height=\"720\" srcset=\"https:\/\/wakage.de\/wp-content\/uploads\/2017\/08\/Mitgliedsantrag-Bierdeckel-Vorderseite_I_WEB-150x150.jpg 150w, https:\/\/wakage.de\/wp-content\/uploads\/2017\/08\/Mitgliedsantrag-Bierdeckel-Vorderseite_I_WEB-570x570.jpg 570w, https:\/\/wakage.de\/wp-content\/uploads\/2017\/08\/Mitgliedsantrag-Bierdeckel-Vorderseite_I_WEB-500x500.jpg 500w\" sizes=\"(max-width: 720px) 100vw, 720px\" \/><\/a>[\/vc_column_text][\/vc_column][\/vc_row][vc_row row_type=&#8220;row&#8220; use_row_as_full_screen_section=&#8220;no&#8220; type=&#8220;full_width&#8220; angled_section=&#8220;no&#8220; text_align=&#8220;left&#8220; background_image_as_pattern=&#8220;without_pattern&#8220; css_animation=&#8220;&#8220;][vc_column][vc_separator type=&#8220;normal&#8220;][\/vc_column][\/vc_row][vc_row row_type=&#8220;row&#8220; use_row_as_full_screen_section=&#8220;no&#8220; type=&#8220;full_width&#8220; angled_section=&#8220;no&#8220; text_align=&#8220;left&#8220; background_image_as_pattern=&#8220;without_pattern&#8220; css_animation=&#8220;&#8220;][vc_column][vc_separator type=&#8220;normal&#8220;][vc_column_text]<\/p>\n<p class=\"marquee\"><a href=\"http:\/\/wakage.de\/index.php\/werbepartner\/\">Malerbetrieb Witte &#8211; M\u00f6bel und K\u00fcchenstudio Hoetmar GmbH &#8211; Polomka textile Einrichtungen &#8211; Pott\u2019s Brauerei GmbH &#8211; Zweirad Dalhues &#8211; Radio WAF &#8211; Sparkasse M\u00fcnsterland Ost &#8211; Stadtwerke Warendorf GmbH &#8211; Steuerberater Dirk P\u00fclm &#8211; Stuckmann GmbH &#8211; Unfallhilfe Bosse &#8211; Urban Design &#8211; Vereinsbedarf Deitert GmbH &#8211; Volksbank eG Warendorf &#8211; WHG-Ahmerkamp GmbH &amp; Co KG &#8211; Vedder Premiumevent &#8211; Zeller\u00f6hr GmbH co KG &#8211; Pelke Goldmann &#8211; Dein WAF &#8211; Restaurant Haus Allendorf &#8211; Polomka textile Einrichtungen &#8211; K\u00f6vener Gabelstapler GmbH &#8211; Fliesen &amp; Platten Warendorf &#8211; Hofladen Austermann &#8211; Blumenhaus Karl Pelster &#8211; Spielwaren Kieskemper &#8211; M\u00fcller Rechtsanw\u00e4lte &#8211; SURESH FOOD Eventservice &#8211; GIEBEL-GALOPP &#8211; TEAM WAGNER Architekten<\/a><\/p>\n<p>[\/vc_column_text][vc_column_text]<\/p>\n<p class=\"marquee\"><a href=\"http:\/\/wakage.de\/index.php\/werbepartner\/\">Agentur Geistreich &#8211; August Kreienbaum GmbH &#8211; Bestattungen Huerkamp GmbH &#8211; ProCar M\u00fcnsterland GmbH &#8211; Brechler Kik\u00fcm Klein GmbH &#8211; Dachdeckerbetrieb Franz Nilles &#8211; Darpe Industriedruck GmbH &amp; Co. KG &#8211; ERGO Versicherung Michael Grothues &#8211; Fotostudio Kaup &#8211; Fritz Sieckendiek GmbH &amp; Co. KG &#8211; Optik Goebeler &#8211; G\u00fcnnewig Biosthetiksalon &#8211; Heinz Vorwerk GmbH &#8211; Ideenr\u00e4ume GmbH &#8211; Im Engel\u00a0 &#8211; Intersport Kuschinski &#8211; Klein Riesenbeck + Assoziierte GmbH &#8211; Kreienbaum Holz GmbH &amp; Co. KG &#8211; Honda Strohb\u00fccker &#8211; WIWA Wirtschaft f\u00fcr Warendorf e.V. &#8211; Bernhard Brokamp Erd- und Pflasterarbeiten &#8211; Teutemacher Glas u. Spiegel &#8211; B\u00fcschers Waschwerk &#8211; BKK-Ingenieure &#8211; IRON BEAR GYM &#8211; URBAN DESIGN &#8211; K\u00fcnstleragentur Stop&amp;Go &#8211; Gobal Grupppe<\/a><\/p>\n<p>[\/vc_column_text][\/vc_column][\/vc_row][vc_row row_type=&#8220;row&#8220; use_row_as_full_screen_section=&#8220;no&#8220; type=&#8220;full_width&#8220; angled_section=&#8220;no&#8220; text_align=&#8220;left&#8220; background_image_as_pattern=&#8220;without_pattern&#8220; css_animation=&#8220;&#8220;][vc_column][\/vc_column][\/vc_row]<\/p>\n","protected":false},"excerpt":{"rendered":"<p>[vc_row row_type=&#8220;row&#8220; use_row_as_full_screen_section=&#8220;no&#8220; type=&#8220;full_width&#8220; angled_section=&#8220;no&#8220; text_align=&#8220;left&#8220; background_image_as_pattern=&#8220;without_pattern&#8220; css_animation=&#8220;&#8220;][\/vc_row][vc_row row_type=&#8220;row&#8220; use_row_as_full_screen_section=&#8220;no&#8220; type=&#8220;grid&#8220; anchor=&#8220;portfolio&#8220; angled_section=&#8220;no&#8220; text_align=&#8220;left&#8220; background_image_as_pattern=&#8220;without_pattern&#8220; padding_top=&#8220;40&#8243; padding_bottom=&#8220;90&#8243; css_animation=&#8220;&#8220;][vc_column width=&#8220;1\/2&#8243;][vc_empty_space height=&#8220;30px&#8220;][vc_single_image image=&#8220;19181&#8243; img_size=&#8220;full&#8220; alignment=&#8220;center&#8220; style=&#8220;vc_box_shadow_3d&#8220; qode_css_animation=&#8220;element_from_left&#8220; transition_delay=&#8220;0.5&#8243; css=&#8220;.vc_custom_1765876431785{margin-top: 5px !important;margin-left: 10px !important;}&#8220;][vc_empty_space height=&#8220;20px&#8220;][vc_empty_space height=&#8220;20px&#8220;][vc_empty_space height=&#8220;20px&#8220;][vc_column_text css=&#8220;.vc_custom_1765876472392{margin-top: 10px !important;margin-left: 10px !important;}&#8220;] Das aktuelle Sessionsheft 2026 &#8230; [\/vc_column_text][vc_empty_space&#8230;<\/p>\n","protected":false},"author":1,"featured_media":0,"parent":0,"menu_order":0,"comment_status":"open","ping_status":"closed","template":"full_width.php","meta":{"footnotes":""},"_links":{"self":[{"href":"https:\/\/wakage.de\/index.php\/wp-json\/wp\/v2\/pages\/19264"}],"collection":[{"href":"https:\/\/wakage.de\/index.php\/wp-json\/wp\/v2\/pages"}],"about":[{"href":"https:\/\/wakage.de\/index.php\/wp-json\/wp\/v2\/types\/page"}],"author":[{"embeddable":true,"href":"https:\/\/wakage.de\/index.php\/wp-json\/wp\/v2\/users\/1"}],"replies":[{"embeddable":true,"href":"https:\/\/wakage.de\/index.php\/wp-json\/wp\/v2\/comments?post=19264"}],"version-history":[{"count":12,"href":"https:\/\/wakage.de\/index.php\/wp-json\/wp\/v2\/pages\/19264\/revisions"}],"predecessor-version":[{"id":19279,"href":"https:\/\/wakage.de\/index.php\/wp-json\/wp\/v2\/pages\/19264\/revisions\/19279"}],"wp:attachment":[{"href":"https:\/\/wakage.de\/index.php\/wp-json\/wp\/v2\/media?parent=19264"}],"curies":[{"name":"wp","href":"https:\/\/api.w.org\/{rel}","templated":true}]}}