{"id":18974,"date":"2024-12-01T11:38:02","date_gmt":"2024-12-01T10:38:02","guid":{"rendered":"https:\/\/wakage.de\/?page_id=18974"},"modified":"2025-01-09T19:00:56","modified_gmt":"2025-01-09T18:00:56","slug":"home_2024-2025_neu-2-2","status":"publish","type":"page","link":"https:\/\/wakage.de\/index.php\/home_2024-2025_neu-2-2\/","title":{"rendered":"Home 2024-2025_2.0"},"content":{"rendered":"<p>[vc_row row_type=&#8220;row&#8220; use_row_as_full_screen_section=&#8220;no&#8220; type=&#8220;grid&#8220; anchor=&#8220;portfolio&#8220; angled_section=&#8220;no&#8220; text_align=&#8220;left&#8220; background_image_as_pattern=&#8220;without_pattern&#8220; padding_top=&#8220;40&#8243; padding_bottom=&#8220;90&#8243; css_animation=&#8220;&#8220;][vc_column width=&#8220;1\/2&#8243;][vc_empty_space height=&#8220;30px&#8220;][vc_single_image image=&#8220;18998&#8243; img_size=&#8220;full&#8220; alignment=&#8220;center&#8220; style=&#8220;vc_box_shadow_3d&#8220; qode_css_animation=&#8220;element_from_left&#8220; transition_delay=&#8220;0.5&#8243; css=&#8220;.vc_custom_1733301867406{margin-top: 5px !important;}&#8220;][vc_empty_space height=&#8220;20px&#8220;][vc_empty_space height=&#8220;20px&#8220;][vc_column_text css=&#8220;.vc_custom_1733240928768{margin-left: 10px !important;}&#8220;]<\/p>\n<h4 style=\"text-align: left;\">Lesen Sie hier<\/h4>\n<h4 style=\"text-align: left;\">das aktuelle Sessionsheft 2025 &#8230;<\/h4>\n<p>[\/vc_column_text][vc_empty_space height=&#8220;20px&#8220;][vc_single_image image=&#8220;19004&#8243; img_size=&#8220;medium&#8220; add_caption=&#8220;yes&#8220; style=&#8220;vc_box_shadow_3d&#8220; onclick=&#8220;custom_link&#8220; qode_css_animation=&#8220;element_from_left&#8220; transition_delay=&#8220;0.5&#8243; css=&#8220;.vc_custom_1733241158031{margin-top: 5px !important;}&#8220; link=&#8220;https:\/\/wakage.de\/wp-content\/uploads\/2024\/12\/240406_Liederheft_Sessionsheft_2025_03.pdf&#8220;][vc_empty_space height=&#8220;20px&#8220;][\/vc_column][vc_column width=&#8220;1\/2&#8243;][vc_empty_space height=&#8220;40px&#8220;][vc_column_text css=&#8220;.vc_custom_1733080171775{margin-left: 10px !important;}&#8220;]<\/p>\n<h4 style=\"text-align: left;\"><a href=\"https:\/\/wakage.de\/index.php\/totti-i\/\"><span style=\"text-decoration: underline; font-size: 24pt;\">Totti I. &#8222;der Narr vom Ort, von Feuerwehr, Stusa und Motorsport&#8220;<\/span><\/a><\/h4>\n<p>[\/vc_column_text][vc_empty_space height=&#8220;40px&#8220;][vc_column_text css=&#8220;.vc_custom_1733143201540{margin-left: 10px !important;}&#8220;]<\/p>\n<p style=\"text-align: justify;\"><span style=\"font-family: georgia, palatino, serif; font-size: 12pt;\">Thorsten Habermeier regiert als Totti I., \u201eder Narr vom Ort, von Feuerwehr, Stusa und Motorsport\u201c Warendorfs Karnevalisten. F\u00fcr den 46-J\u00e4hrigen geht damit ein lang gehegter Traum in Erf\u00fcllung, der seinen Ursprung in der Kindheit des Emsst\u00e4dters hat. Mit den Jahren reifte der Wunsch zur festen Absicht. Am Samstagabend dann proklamierte die Warendorfer Karnevalsgesellschaft (WaKaGe) den Berufsfeuerwehrmann am Ende eines glanzvollen Galaabends zum neuen Narrenoberhaupt.<\/span><\/p>\n<p>&nbsp;<\/p>\n<p><strong><a href=\"https:\/\/wakage.de\/index.php\/totti-i\/\">Weiter lesen &#8230;<\/a><\/strong>[\/vc_column_text]<a  itemprop=\"url\" href=\"https:\/\/wakage.de\/wp-content\/uploads\/2025\/01\/Prinzenlied_Totti_I._2025_Homepage-Kopie.pdf\" target=\"_self\"  class=\"qbutton  small default\" style=\"margin: 15px 0px 10px 10px; \">Prinzenlied TEXT<\/a>[vc_empty_space height=&#8220;30px&#8220;][vc_column_text css=&#8220;.vc_custom_1734122529659{margin-left: 10px !important;}&#8220;]<\/p>\n<h4 style=\"text-align: left;\">Hier geht es zur Aufzeichnung der Prinzenproklamation vom 30.11.2024 &#8230;.<\/h4>\n<p>[\/vc_column_text][vc_single_image image=&#8220;19019&#8243; img_size=&#8220;medium&#8220; add_caption=&#8220;yes&#8220; style=&#8220;vc_box_shadow_3d&#8220; onclick=&#8220;custom_link&#8220; qode_css_animation=&#8220;element_from_left&#8220; transition_delay=&#8220;0.5&#8243; css=&#8220;.vc_custom_1734122770659{margin-top: 5px !important;}&#8220; link=&#8220;http:\/\/video.pripro.de\/&#8220;][vc_empty_space height=&#8220;20px&#8220;][vc_column_text css=&#8220;.vc_custom_1701556298324{margin-left: 10px !important;}&#8220;]<\/p>\n<h4 style=\"text-align: left;\"><\/h4>\n<p>[\/vc_column_text][\/vc_column][\/vc_row][vc_row row_type=&#8220;row&#8220; use_row_as_full_screen_section=&#8220;no&#8220; type=&#8220;full_width&#8220; angled_section=&#8220;no&#8220; text_align=&#8220;left&#8220; background_image_as_pattern=&#8220;without_pattern&#8220; css_animation=&#8220;&#8220;][vc_column][\/vc_column][\/vc_row][vc_row row_type=&#8220;row&#8220; use_row_as_full_screen_section=&#8220;no&#8220; type=&#8220;grid&#8220; angled_section=&#8220;no&#8220; text_align=&#8220;left&#8220; background_image_as_pattern=&#8220;without_pattern&#8220; padding_top=&#8220;40&#8243; padding_bottom=&#8220;90&#8243; css_animation=&#8220;&#8220;][vc_column width=&#8220;1\/2&#8243;][vc_empty_space height=&#8220;40px&#8220;][vc_column_text]<\/p>\n<h4 style=\"text-align: center;\">TERMINE &#8211;<em>vorl\u00e4ufig<\/em>&#8211;<\/h4>\n<p>[\/vc_column_text][vc_single_image image=&#8220;16962&#8243; img_size=&#8220;full&#8220; alignment=&#8220;center&#8220; qode_css_animation=&#8220;element_from_left&#8220; transition_delay=&#8220;0.5&#8243;][vc_column_text]<\/p>\n<table style=\"border-collapse: collapse;\">\n<tbody>\n<tr>\n<td><strong>DATUM<\/strong><\/td>\n<td><strong>VERANSTALTUNG<\/strong><\/td>\n<td style=\"text-align: left;\"><strong>ORT<\/strong><\/td>\n<\/tr>\n<tr class=\"linie\">\n<td>11.11.2024<\/td>\n<td>Sessionsauftakt &#8222;Moritz wecken&#8220;<\/p>\n<p><span style=\"font-size: 10pt;\">19:11 Uhr<\/span><\/td>\n<td style=\"text-align: left;\">Marktplatz, Historisches Rathaus<\/td>\n<\/tr>\n<tr class=\"linie\">\n<td>16.11.2024<\/td>\n<td>Auftaktfest &#8211; <span style=\"font-size: 10pt;\">19:30 Uhr<\/span><\/td>\n<td style=\"text-align: left;\">Haus Allendorf<\/td>\n<\/tr>\n<tr class=\"linie\">\n<td>30.11.2024<\/td>\n<td>&#8222;WaKalopp&#8220; &#8211; <span style=\"font-size: 10pt;\">14:11 Uhr<\/span><br \/>\n<span style=\"font-size: 10pt;\">Warendorfer\u00a0Karnevalsaufgalopp<\/span><\/td>\n<td style=\"text-align: left;\">Veranstaltungshalle<\/p>\n<p>Fa. MIELE in Warendorf<\/td>\n<\/tr>\n<tr class=\"linie\">\n<td>30.11.2024<\/td>\n<td>Prinzenproklamation &#8211; <span style=\"font-size: 10pt;\">19:30 Uhr<\/span><\/td>\n<td style=\"text-align: left;\">Veranstaltungshalle<\/p>\n<p>Fa. MIELE in Warendorf<\/td>\n<\/tr>\n<tr class=\"linie\">\n<td>01.12.2024<\/td>\n<td>Prinzenfr\u00fchschoppen<\/p>\n<p>der neuen Tollit\u00e4t &#8211; <span style=\"font-size: 10pt;\">12:11 Uhr<\/span><\/td>\n<td style=\"text-align: left;\">Hotel &#8222;Im Engel&#8220;<\/td>\n<\/tr>\n<tr class=\"linie\">\n<td>22.02.2025<\/td>\n<td>Prinzenball<\/td>\n<td style=\"text-align: left;\">Haus Allendorf<\/td>\n<\/tr>\n<tr class=\"linie\">\n<td>27.02.2025<\/td>\n<td>Er\u00f6ffnung Altweiberkarneval<span style=\"color: #ff0000;\"><strong>\u00a0<\/strong><\/span><\/td>\n<td style=\"text-align: left;\">Marktplatz, Historisches Rathaus<\/td>\n<\/tr>\n<tr class=\"linie\">\n<td>28.02.2025<\/td>\n<td>Gro\u00dfe Warendorfer Karnevalsnacht<\/td>\n<td style=\"text-align: left;\">Oberer Lohwall<\/td>\n<\/tr>\n<tr class=\"linie\">\n<td>01.03.2025<\/td>\n<td>WaKaGe Kinderkarneval<span style=\"color: #ff0000;\"><strong>\u00a0<\/strong><\/span><\/td>\n<td style=\"text-align: left;\">Sophiensaal<\/td>\n<\/tr>\n<tr class=\"linie\">\n<td>02.03.2025<\/td>\n<td>Rathaussturm<span style=\"color: #ff0000;\"><strong>\u00a0<\/strong><\/span><\/td>\n<td style=\"text-align: left;\">Marktplatz, Historisches Rathaus<\/td>\n<\/tr>\n<tr class=\"linie\">\n<td>03.03.2025<\/td>\n<td>Rosenmontagsumzug<\/td>\n<td style=\"text-align: left;\">Start &#8211; Sportschule der Bundeswehr<\/td>\n<\/tr>\n<tr class=\"linie\">\n<td>04.03.2025<\/td>\n<td>Abschluss der Karnevalszeit,<\/p>\n<p>der &#8222;Moritz&#8220; wird schlafen gelegt<br \/>\n<span style=\"font-size: 10pt;\">19:11 Uhr<\/span><\/td>\n<td style=\"text-align: left;\">Marktplatz, Historisches Rathaus<\/td>\n<\/tr>\n<tr class=\"linie\">\n<td>04.03.2025<\/td>\n<td>Abschlussabend<span style=\"color: #ff0000;\"><strong>\u00a0<\/strong><\/span><\/td>\n<td style=\"text-align: left;\">Hotel \u201eIm Engel\u201c<\/td>\n<\/tr>\n<\/tbody>\n<\/table>\n<p>[\/vc_column_text][\/vc_column][vc_column width=&#8220;1\/2&#8243;][vc_empty_space height=&#8220;40px&#8220;][vc_column_text css=&#8220;.vc_custom_1504207396444{margin-left: 10px !important;}&#8220;]<\/p>\n<h4 style=\"text-align: left;\">SIND SIE AUCH MIT DEM KARNEVALISTISCHEN VIRUS INFIZIERT?<\/h4>\n<p>[\/vc_column_text][vc_separator type=&#8220;transparent&#8220; up=&#8220;12&#8243; down=&#8220;0&#8243;][vc_column_text css=&#8220;.vc_custom_1504207413379{margin-left: 10px !important;}&#8220;]Werden Sie f\u00f6rderndes Mitglied und unterst\u00fctzen Sie den Warendorfer\u00a0Karneval. Erhalten Sie Einladungen und Informationen der WaKaGe und bleiben Sie stets auf dem Laufenden &#8230;<\/p>\n<p>Evtl. haben Sie zus\u00e4tzlich auch Interesse an fest reservierten Karten f\u00fcr unsere Prinzenproklamation, diese erhalten Sie zum Vorzugspreis &#8230;[\/vc_column_text][vc_column_text css=&#8220;.vc_custom_1736445631652{margin-left: 60px !important;}&#8220;]<a href=\"https:\/\/wakage.de\/wp-content\/uploads\/2025\/01\/Mitgliedsantrag-WaKaGe-2024.pdf\"><img decoding=\"async\" loading=\"lazy\" class=\"alignnone wp-image-16903\" src=\"http:\/\/wakage.de\/wp-content\/uploads\/2017\/08\/Mitgliedsantrag-Bierdeckel-Vorderseite_I_WEB.jpg\" alt=\"Mitgliedsantrag Bierdeckel Vorderseite_I_WEB\" width=\"720\" height=\"720\" srcset=\"https:\/\/wakage.de\/wp-content\/uploads\/2017\/08\/Mitgliedsantrag-Bierdeckel-Vorderseite_I_WEB-150x150.jpg 150w, https:\/\/wakage.de\/wp-content\/uploads\/2017\/08\/Mitgliedsantrag-Bierdeckel-Vorderseite_I_WEB-570x570.jpg 570w, https:\/\/wakage.de\/wp-content\/uploads\/2017\/08\/Mitgliedsantrag-Bierdeckel-Vorderseite_I_WEB-500x500.jpg 500w\" sizes=\"(max-width: 720px) 100vw, 720px\" \/><\/a>[\/vc_column_text][\/vc_column][\/vc_row][vc_row row_type=&#8220;row&#8220; use_row_as_full_screen_section=&#8220;no&#8220; type=&#8220;full_width&#8220; angled_section=&#8220;no&#8220; text_align=&#8220;left&#8220; background_image_as_pattern=&#8220;without_pattern&#8220; css_animation=&#8220;&#8220;][vc_column][vc_separator type=&#8220;normal&#8220;][\/vc_column][\/vc_row][vc_row row_type=&#8220;row&#8220; use_row_as_full_screen_section=&#8220;no&#8220; type=&#8220;full_width&#8220; angled_section=&#8220;no&#8220; text_align=&#8220;left&#8220; background_image_as_pattern=&#8220;without_pattern&#8220; css_animation=&#8220;&#8220;][vc_column][vc_separator type=&#8220;normal&#8220;][vc_column_text]<\/p>\n<p class=\"marquee\"><a href=\"http:\/\/wakage.de\/index.php\/werbepartner\/\">Alfons Lentfort &#8211; Malerbetrieb Witte &#8211; M\u00f6bel Brameyer GmbH &#8211; M\u00f6bel und K\u00fcchenstudio Hoetmar GmbH &#8211; Polomka textile Einrichtungen &#8211; Pott\u2019s Brauerei GmbH &#8211; Zweirad Dalhues &#8211; Radio WAF &#8211; Sparkasse M\u00fcnsterland Ost &#8211; Stadtwerke Warendorf GmbH &#8211; Steuerberater Dirk P\u00fclm &#8211; Stuckmann GmbH &#8211; Unfallhilfe Bosse &#8211; Urban Design &#8211; Vereinsbedarf Deitert GmbH &#8211; Volksbank eG Warendorf &#8211; Warendorfer Versicherungs-Kontor GmbH &#8211; WHG-Ahmerkamp GmbH &amp; Co KG &#8211; Vedder Premiumevent &#8211; Zeller\u00f6hr GmbH co KG &#8211; Pelke Goldmann &#8211; Dein WAF &#8211; Restaurant Haus Allendorf &#8211; Polomka textile Einrichtungen &#8211; K\u00f6vener Gabelstapler GmbH &#8211; Fliesen &amp; Platten Warendorf &#8211; Hofladen Austermann &#8211; Blumenhaus Karl Pelster &#8211; Spielwaren Kieskemper &#8211; B\u00f6ckmann Bedachungen<\/a><\/p>\n<p>[\/vc_column_text][vc_column_text]<\/p>\n<p class=\"marquee\"><a href=\"http:\/\/wakage.de\/index.php\/werbepartner\/\">Agentur Geistreich &#8211; August Kreienbaum GmbH &#8211; Bestattungen Huerkamp GmbH &#8211; ProCar M\u00fcnsterland GmbH &#8211; Brechler Kik\u00fcm Klein GmbH &#8211; Dachdeckerbetrieb Franz Nilles &#8211; Darpe Industriedruck GmbH &amp; Co. KG &#8211; ERGO Versicherung Michael Grothues &#8211; Fotostudio Kaup &#8211; Fritz Sieckendiek GmbH &amp; Co. KG &#8211; Optik Goebeler &#8211; G\u00fcnnewig Biosthetiksalon &#8211; Heinz Vorwerk GmbH &#8211; Ideenr\u00e4ume GmbH &#8211; Im Engel\u00a0 &#8211; Intersport Kuschinski &#8211; Klein Riesenbeck + Assoziierte GmbH &#8211; Kreienbaum Holz GmbH &amp; Co. KG &#8211; Honda Strohb\u00fccker &#8211; WIWA Wirtschaft f\u00fcr Warendorf e.V. &#8211; Bernhard Brokamp Erd- und Pflasterarbeiten &#8211; Teutemacher Glas u. Spiegel &#8211; B\u00fcschers Waschwerk &#8211; BKK-Ingenieure &#8211; IRON BEAR GYM &#8211; URBAN DESIGN &#8211; K\u00fcnstleragentur Stop&amp;Go<\/a><\/p>\n<p>[\/vc_column_text][\/vc_column][\/vc_row]<\/p>\n","protected":false},"excerpt":{"rendered":"<p>[vc_row row_type=&#8220;row&#8220; use_row_as_full_screen_section=&#8220;no&#8220; type=&#8220;grid&#8220; anchor=&#8220;portfolio&#8220; angled_section=&#8220;no&#8220; text_align=&#8220;left&#8220; background_image_as_pattern=&#8220;without_pattern&#8220; padding_top=&#8220;40&#8243; padding_bottom=&#8220;90&#8243; css_animation=&#8220;&#8220;][vc_column width=&#8220;1\/2&#8243;][vc_empty_space height=&#8220;30px&#8220;][vc_single_image image=&#8220;18998&#8243; img_size=&#8220;full&#8220; alignment=&#8220;center&#8220; style=&#8220;vc_box_shadow_3d&#8220; qode_css_animation=&#8220;element_from_left&#8220; transition_delay=&#8220;0.5&#8243; css=&#8220;.vc_custom_1733301867406{margin-top: 5px !important;}&#8220;][vc_empty_space height=&#8220;20px&#8220;][vc_empty_space height=&#8220;20px&#8220;][vc_column_text css=&#8220;.vc_custom_1733240928768{margin-left: 10px !important;}&#8220;] Lesen Sie hier das aktuelle Sessionsheft 2025 &#8230; [\/vc_column_text][vc_empty_space height=&#8220;20px&#8220;][vc_single_image image=&#8220;19004&#8243; img_size=&#8220;medium&#8220; add_caption=&#8220;yes&#8220; style=&#8220;vc_box_shadow_3d&#8220; onclick=&#8220;custom_link&#8220; qode_css_animation=&#8220;element_from_left&#8220; transition_delay=&#8220;0.5&#8243; css=&#8220;.vc_custom_1733241158031{margin-top:&#8230;<\/p>\n","protected":false},"author":1,"featured_media":0,"parent":0,"menu_order":0,"comment_status":"open","ping_status":"closed","template":"full_width.php","meta":{"footnotes":""},"_links":{"self":[{"href":"https:\/\/wakage.de\/index.php\/wp-json\/wp\/v2\/pages\/18974"}],"collection":[{"href":"https:\/\/wakage.de\/index.php\/wp-json\/wp\/v2\/pages"}],"about":[{"href":"https:\/\/wakage.de\/index.php\/wp-json\/wp\/v2\/types\/page"}],"author":[{"embeddable":true,"href":"https:\/\/wakage.de\/index.php\/wp-json\/wp\/v2\/users\/1"}],"replies":[{"embeddable":true,"href":"https:\/\/wakage.de\/index.php\/wp-json\/wp\/v2\/comments?post=18974"}],"version-history":[{"count":23,"href":"https:\/\/wakage.de\/index.php\/wp-json\/wp\/v2\/pages\/18974\/revisions"}],"predecessor-version":[{"id":19023,"href":"https:\/\/wakage.de\/index.php\/wp-json\/wp\/v2\/pages\/18974\/revisions\/19023"}],"wp:attachment":[{"href":"https:\/\/wakage.de\/index.php\/wp-json\/wp\/v2\/media?parent=18974"}],"curies":[{"name":"wp","href":"https:\/\/api.w.org\/{rel}","templated":true}]}}