{"id":18363,"date":"2023-01-21T23:30:27","date_gmt":"2023-01-21T22:30:27","guid":{"rendered":"http:\/\/wakage.de\/?page_id=18363"},"modified":"2023-02-04T15:47:57","modified_gmt":"2023-02-04T14:47:57","slug":"uweii","status":"publish","type":"page","link":"https:\/\/wakage.de\/index.php\/uweii\/","title":{"rendered":"Uwe II. \u201eder Narrifant aus dem Kreideland\u201c"},"content":{"rendered":"<p>[vc_row row_type=&#8220;row&#8220; use_row_as_full_screen_section=&#8220;no&#8220; type=&#8220;full_width&#8220; angled_section=&#8220;no&#8220; text_align=&#8220;left&#8220; background_image_as_pattern=&#8220;without_pattern&#8220; css_animation=&#8220;&#8220;][vc_column][vc_separator type=&#8220;transparent&#8220; up=&#8220;15&#8243; down=&#8220;0&#8243;][vc_single_image image=&#8220;18365&#8243; img_size=&#8220;560&#215;400&#8243; alignment=&#8220;center&#8220; qode_css_animation=&#8220;&#8220; title=&#8220;Frank I., \u201edas Sangesoriginal vom Josephs-Hospital\u201c&#8220;][vc_separator type=&#8220;transparent&#8220; up=&#8220;15&#8243; down=&#8220;0&#8243;]<div class=\"custom_font_holder\" style=\" font-size: 35px; line-height: 26px; font-style: normal; font-weight: 300; color: #ffffff; text-decoration: none; text-align: center;\"><\/p>\n<p style=\"text-align: justify;\"><span style=\"font-family: georgia, palatino, serif; font-size: 12pt;\">Endlich hat die jahrelange Geheimhaltung ein Ende! Schon seit der Karnevalssession 2021 steht Uwe II. (Amsbeck) quasi permanent in den Startl\u00f6chern. Allerdings wurde seine Geduld und das Leben aller auf eine harte Probe gestellt\u2026 Doch als \u201eStimme\u201c des Warendorfer Rosenmontagumzuges ist Uwe II. zusammen mit seinen Co-Moderatoren Frank Korte und Patrick Au\u00dfendorf Profi darin, Pausen zu \u00fcberbr\u00fccken, wenn der n\u00e4rrische Lindwurm einmal ins Stocken kommt.\u00a0<img decoding=\"async\" loading=\"lazy\" class=\"wp-image-18516 alignright\" src=\"http:\/\/wakage.de\/wp-content\/uploads\/2023\/02\/Prinzenorden-2023-II-300x286.jpg\" alt=\"\" width=\"332\" height=\"316\" srcset=\"https:\/\/wakage.de\/wp-content\/uploads\/2023\/02\/Prinzenorden-2023-II-300x286.jpg 300w, https:\/\/wakage.de\/wp-content\/uploads\/2023\/02\/Prinzenorden-2023-II-768x731.jpg 768w, https:\/\/wakage.de\/wp-content\/uploads\/2023\/02\/Prinzenorden-2023-II-1024x975.jpg 1024w, https:\/\/wakage.de\/wp-content\/uploads\/2023\/02\/Prinzenorden-2023-II-700x667.jpg 700w\" sizes=\"(max-width: 332px) 100vw, 332px\" \/><\/span><\/p>\n<p>&nbsp;<\/p>\n<p style=\"text-align: justify;\"><span style=\"font-family: georgia, palatino, serif; font-size: 12pt;\">Geboren im Juni 1965 in Warendorf besuchte er dort die Bodelschwingh-Grundschule. Mathe war kein Problem, die sp\u00e4tere Sparkassen-Ausbildung war vorprogrammiert. Kunst und Zeichnen auch super \u2013 sein Lieblingstier, den Ottifanten, zeichnet er seitdem mit links. Doch damals ahnte er noch nicht, dass er 1999 als Referendar, 2002 als Lehrer und seit 2019 als Konrektor an eben \u201eseiner\u201c Grundschule unterrichten w\u00fcrde. Grundstein f\u00fcr seine \u201eBerufung\u201c war nach dem Abitur am AWG sein Engagement als Betreuer und langj\u00e4hriger Leiter der Kinderferienfreizeit der Pfarrei St. Laurentius.<\/span><\/p>\n<p>&nbsp;<\/p>\n<p style=\"text-align: justify;\"><span style=\"font-family: georgia, palatino, serif; font-size: 12pt;\">Musik war schon immer sein Ding. Ob 80er, 90er oder das Beste von damals: Im Hause Porten-Leve mischte und drehte Uwe II. alles, um die urige m\u00fcnsterl\u00e4nder Gastwirtschaft samt Saal zum Kochen zu bringen. Nur hinter dem DJ-Pult zu stehen, wurde Uwe II. im Jahr 2007 dann aber zu langweilig. Mit der M\u00e4nnertanzgruppe \u201eThe Dancing Foxkillers\u201c und ihren legend\u00e4ren Auftritten wie etwa bei der Rathausst\u00fcrmung, bei etlichen Karnevalsfeiern im Kolpinghaus oder beim M\u00e4nnertanzturnier in Harsewinkel schwang er nun auch vor dem Pult das Tanzbein \u2013 vor allem zur Begeisterung der weiblichen Fans. Denn in dieser Zeit lernte er Angelika kennen, mit der er seit dem Jahr 2017 verheiratet ist.<\/span><\/p>\n<p>&nbsp;<\/p>\n<p style=\"text-align: justify;\"><span style=\"font-family: georgia, palatino, serif; font-size: 12pt;\">Sein Herz schl\u00e4gt f\u00fcr Ehefrau Angelika und Tochter Pauline, aber auch f\u00fcr die Borussen vom B\u00f6kelberg, die B\u00fcrgersch\u00fctzen und nat\u00fcrlich den Karneval. Seit dem Jahr 2017 ist er Mitglied der Warendorfer Karnevals-Gesellschaft (WaKaGe) sowie des Vereins B\u00fcrgerausschuss Warendorfer Karneval (B\u00fcWaKa). Diese Potpourri an Hobbies gepaart mit seiner Leidenschaft f\u00fcr den Beruf spiegelt sich nat\u00fcrlich in seinem Prinzentitel und prinzlichen Orden wider: Zentral die Kreidetafel mit seinem vom Ottifanten-R\u00fcssel geschriebenen Prinzentitel, umrahmt von WaKaGe-Maske und B\u00fcWaKa-Clown sowie der Borussen-Raute h\u00e4ngt der goldene Orden am Band in Stadtfarben. Dieses Schmuckst\u00fcck wird seine Tollit\u00e4t Uwe II. \u201eder Narrifant aus dem Kreideland\u201c nur an handverlesene N\u00e4rrinnen und Narren verleihen.<\/span><\/p>\n<p><\/div>[vc_separator type=&#8220;transparent&#8220; up=&#8220;15&#8243; down=&#8220;0&#8243;][\/vc_column][\/vc_row]<\/p>\n","protected":false},"excerpt":{"rendered":"<p>[vc_row row_type=&#8220;row&#8220; use_row_as_full_screen_section=&#8220;no&#8220; type=&#8220;full_width&#8220; angled_section=&#8220;no&#8220; text_align=&#8220;left&#8220; background_image_as_pattern=&#8220;without_pattern&#8220; css_animation=&#8220;&#8220;][vc_column][vc_separator type=&#8220;transparent&#8220; up=&#8220;15&#8243; down=&#8220;0&#8243;][vc_single_image image=&#8220;18365&#8243; img_size=&#8220;560&#215;400&#8243; alignment=&#8220;center&#8220; qode_css_animation=&#8220;&#8220; title=&#8220;Frank I., \u201edas Sangesoriginal vom Josephs-Hospital\u201c&#8220;][vc_separator type=&#8220;transparent&#8220; up=&#8220;15&#8243; down=&#8220;0&#8243;][vc_separator type=&#8220;transparent&#8220; up=&#8220;15&#8243; down=&#8220;0&#8243;][\/vc_column][\/vc_row]<\/p>\n","protected":false},"author":1,"featured_media":0,"parent":0,"menu_order":0,"comment_status":"closed","ping_status":"closed","template":"","meta":{"footnotes":""},"_links":{"self":[{"href":"https:\/\/wakage.de\/index.php\/wp-json\/wp\/v2\/pages\/18363"}],"collection":[{"href":"https:\/\/wakage.de\/index.php\/wp-json\/wp\/v2\/pages"}],"about":[{"href":"https:\/\/wakage.de\/index.php\/wp-json\/wp\/v2\/types\/page"}],"author":[{"embeddable":true,"href":"https:\/\/wakage.de\/index.php\/wp-json\/wp\/v2\/users\/1"}],"replies":[{"embeddable":true,"href":"https:\/\/wakage.de\/index.php\/wp-json\/wp\/v2\/comments?post=18363"}],"version-history":[{"count":6,"href":"https:\/\/wakage.de\/index.php\/wp-json\/wp\/v2\/pages\/18363\/revisions"}],"predecessor-version":[{"id":18518,"href":"https:\/\/wakage.de\/index.php\/wp-json\/wp\/v2\/pages\/18363\/revisions\/18518"}],"wp:attachment":[{"href":"https:\/\/wakage.de\/index.php\/wp-json\/wp\/v2\/media?parent=18363"}],"curies":[{"name":"wp","href":"https:\/\/api.w.org\/{rel}","templated":true}]}}