{"id":17376,"date":"2019-01-20T10:56:30","date_gmt":"2019-01-20T09:56:30","guid":{"rendered":"http:\/\/wakage.de\/?page_id=17376"},"modified":"2019-01-21T16:28:53","modified_gmt":"2019-01-21T15:28:53","slug":"carsten_i_der_meisterliche_wolff_fuers_dach","status":"publish","type":"page","link":"https:\/\/wakage.de\/index.php\/carsten_i_der_meisterliche_wolff_fuers_dach\/","title":{"rendered":"Carsten I. \u201eder meisterliche Wolff f\u00fcr\u2019s Dach\u201c"},"content":{"rendered":"<p>[vc_row row_type=&#8220;row&#8220; use_row_as_full_screen_section=&#8220;no&#8220; type=&#8220;full_width&#8220; angled_section=&#8220;no&#8220; text_align=&#8220;left&#8220; background_image_as_pattern=&#8220;without_pattern&#8220; css_animation=&#8220;&#8220;][vc_column][vc_separator type=&#8220;transparent&#8220; up=&#8220;15&#8243; down=&#8220;0&#8243;][vc_single_image image=&#8220;17380&#8243; img_size=&#8220;full&#8220; alignment=&#8220;center&#8220; qode_css_animation=&#8220;&#8220;]<div class=\"custom_font_holder\" style=\" font-size: 35px; line-height: 26px; font-style: normal; font-weight: 300; color: #ffffff; text-decoration: none; text-align: center;\"><\/p>\n<h1><span style=\"color: #ffffff;\"><strong>Carsten I. \u201eder meisterliche Wolff f\u00fcr\u2019s Dach\u201c<\/strong><\/span><\/h1>\n<p><\/div>[vc_separator type=&#8220;transparent&#8220; up=&#8220;15&#8243; down=&#8220;0&#8243;][vc_column_text css=&#8220;.vc_custom_1548084507531{margin-top: 20px !important;margin-right: 20px !important;margin-left: 20px !important;padding-top: 20px !important;padding-bottom: 20px !important;}&#8220;]<img decoding=\"async\" loading=\"lazy\" class=\" wp-image-17387 alignright\" src=\"http:\/\/wakage.de\/wp-content\/uploads\/2019\/01\/Foto-Orden-2019-Prinz-Carsten-I..jpg\" alt=\"\" width=\"295\" height=\"340\" srcset=\"https:\/\/wakage.de\/wp-content\/uploads\/2019\/01\/Foto-Orden-2019-Prinz-Carsten-I..jpg 1080w, https:\/\/wakage.de\/wp-content\/uploads\/2019\/01\/Foto-Orden-2019-Prinz-Carsten-I.-260x300.jpg 260w, https:\/\/wakage.de\/wp-content\/uploads\/2019\/01\/Foto-Orden-2019-Prinz-Carsten-I.-768x885.jpg 768w, https:\/\/wakage.de\/wp-content\/uploads\/2019\/01\/Foto-Orden-2019-Prinz-Carsten-I.-889x1024.jpg 889w, https:\/\/wakage.de\/wp-content\/uploads\/2019\/01\/Foto-Orden-2019-Prinz-Carsten-I.-700x806.jpg 700w\" sizes=\"(max-width: 295px) 100vw, 295px\" \/><\/p>\n<p><span style=\"color: #ffffff;\">Ob es seine Frau Mareike war, die seit kurzem bei den Warendorfer M\u00f6hnen die Leitung \u00fcbernommen hat, oder ob es sein sogar angeborenes Faible f\u00fcr die n\u00e4rrische Zahl 11 ist, er ist am 11.11. geboren, das bewahrt Carsten Wolff wohl als sein pers\u00f6nliches Geheimnis, warum er in diesem Jahr den Warendorfer Narrenthron erklimmt.<\/span><\/p>\n<p>&nbsp;<\/p>\n<p><span style=\"color: #ffffff;\">Doch sein Lebenslauf spricht eindeutig daf\u00fcr, dass ihm das n\u00e4rrische Gen schon in die Wiege gelegt wurde. Auf seinem bisherigen Lebensweg markiert die n\u00e4rrische Zahl 11 einige bisherige Stationen. Geboren in Warendorf lebte Carsten mit seiner Familie zun\u00e4chst 2 x 11 Jahre in Freckenhorst. Dort lernte er auch seine heutige Ehefrau Mareike kennen, mit der er bereits seit 2 x 11 Jahren zusammen und seit 11 Jahren verheiratet ist.<\/span><\/p>\n<p>&nbsp;<\/p>\n<p><span style=\"color: #ffffff;\">Beruflich geht es bei Carsten hoch hinaus. Er ist Inhaber des Dachdeckerbetriebes Franz Nilles in Freckenhorst und Mareike k\u00fcmmert sich um die kaufm\u00e4nnischen Belange der Firma. Carsten ist seit 11 Jahren Dachdeckermeister und besch\u00e4ftigt 11 Mitarbeiter, die sich im Umkreis von 30 Kilometern um alles rund ums Dach k\u00fcmmern.<\/span><\/p>\n<p>&nbsp;<\/p>\n<p><span style=\"color: #ffffff;\">In ihrer wenigen Freizeit sind die beiden gerne gemeinsam mit ihren drei Kindern von ihrem Wohnort Warendorf aus mit dem Wohnwagen unterwegs. Dazu geh\u00f6rt auch der Winterurlaub, denn Familie Wolff steht mit ihren Brettern gerne auf den Pisten \u00d6sterreichs. Ein weiteres Hobby waren der Kegelverein oder die Ehrengarde beim B\u00fcrgersch\u00fctzen-Verein Freckenhorst. Mittlerweile geh\u00f6rt auch der Karneval dazu, denn schon vor einigen Jahren hat Mareike bei den Warendorfer M\u00f6hnen angeheuert, die in dieser Session ihr 22-j\u00e4hriges Bestehen feiern. Tochter Neele Marie, die in diesem Jahr 11 Jahre alt wird, ist schon fr\u00fch bei den Tanzformationen der WaKaGe gestartet und aktuell bei den H\u00fcpfern. Maja Fee, die j\u00fcngste im Hause Wolff, ist mit ihren vier Jahren begeisterte T\u00e4nzerin bei den Bambionos. Sohn Leon Maurice schw\u00e4rmt eher daf\u00fcr, einmal auf einem Karnevalswagen mitzufahren.<\/span><\/p>\n<p>&nbsp;<\/p>\n<p><span style=\"color: #ffffff;\">Sein Prinzenornat in den Farben Schwarz und Gold orientiert sich an den Zunftfarben der Dachdecker. Auch bei der Wahl seines prinzlichen Beinamens hat Carsten eine enge Verbindung zum Dachdeckerhandwerk gew\u00e4hlt. Dies spiegelt sich auch in seinem Orden wider, besteigt er doch mit der Leiter den Turm des Warendorfer Stadtwappens und setzt ihm die n\u00e4rrische WaKaGe-Maske auf.<\/span><\/p>\n<p>&nbsp;<\/p>\n<p><span style=\"color: #ffffff;\">(Text:\u00a0WaKaGe\u00a0\/ Foto: Foto Kaup &#8211; <strong><a style=\"color: #ffffff;\" href=\"http:\/\/www.foto-kaup.de\">http:\/\/www.foto-kaup.de<\/a>)<\/strong><\/span>[\/vc_column_text][\/vc_column][\/vc_row]<\/p>\n","protected":false},"excerpt":{"rendered":"<p>[vc_row row_type=&#8220;row&#8220; use_row_as_full_screen_section=&#8220;no&#8220; type=&#8220;full_width&#8220; angled_section=&#8220;no&#8220; text_align=&#8220;left&#8220; background_image_as_pattern=&#8220;without_pattern&#8220; css_animation=&#8220;&#8220;][vc_column][vc_separator type=&#8220;transparent&#8220; up=&#8220;15&#8243; down=&#8220;0&#8243;][vc_single_image image=&#8220;17380&#8243; img_size=&#8220;full&#8220; alignment=&#8220;center&#8220; qode_css_animation=&#8220;&#8220;][vc_separator type=&#8220;transparent&#8220; up=&#8220;15&#8243; down=&#8220;0&#8243;][vc_column_text css=&#8220;.vc_custom_1548084507531{margin-top: 20px !important;margin-right: 20px !important;margin-left: 20px !important;padding-top: 20px !important;padding-bottom: 20px !important;}&#8220;] Ob es seine Frau Mareike war, die seit kurzem bei den Warendorfer M\u00f6hnen die Leitung \u00fcbernommen&#8230;<\/p>\n","protected":false},"author":1,"featured_media":0,"parent":0,"menu_order":0,"comment_status":"closed","ping_status":"closed","template":"","meta":{"footnotes":""},"_links":{"self":[{"href":"https:\/\/wakage.de\/index.php\/wp-json\/wp\/v2\/pages\/17376"}],"collection":[{"href":"https:\/\/wakage.de\/index.php\/wp-json\/wp\/v2\/pages"}],"about":[{"href":"https:\/\/wakage.de\/index.php\/wp-json\/wp\/v2\/types\/page"}],"author":[{"embeddable":true,"href":"https:\/\/wakage.de\/index.php\/wp-json\/wp\/v2\/users\/1"}],"replies":[{"embeddable":true,"href":"https:\/\/wakage.de\/index.php\/wp-json\/wp\/v2\/comments?post=17376"}],"version-history":[{"count":8,"href":"https:\/\/wakage.de\/index.php\/wp-json\/wp\/v2\/pages\/17376\/revisions"}],"predecessor-version":[{"id":17389,"href":"https:\/\/wakage.de\/index.php\/wp-json\/wp\/v2\/pages\/17376\/revisions\/17389"}],"wp:attachment":[{"href":"https:\/\/wakage.de\/index.php\/wp-json\/wp\/v2\/media?parent=17376"}],"curies":[{"name":"wp","href":"https:\/\/api.w.org\/{rel}","templated":true}]}}