{"id":15478,"date":"2016-10-23T22:32:32","date_gmt":"2016-10-23T20:32:32","guid":{"rendered":"http:\/\/wakage.de\/?page_id=15478"},"modified":"2017-02-16T15:13:54","modified_gmt":"2017-02-16T14:13:54","slug":"prinzhenkii","status":"publish","type":"page","link":"https:\/\/wakage.de\/index.php\/prinzhenkii\/","title":{"rendered":"Prinz Henki I. vom Fass, bringt Stimmung und Spass"},"content":{"rendered":"<p>[vc_row row_type=&#8220;row&#8220; use_row_as_full_screen_section=&#8220;no&#8220; type=&#8220;full_width&#8220; angled_section=&#8220;no&#8220; text_align=&#8220;left&#8220; background_image_as_pattern=&#8220;without_pattern&#8220; css_animation=&#8220;&#8220;][vc_column][vc_separator type=&#8220;transparent&#8220; up=&#8220;15&#8243; down=&#8220;0&#8243;][vc_single_image image=&#8220;16021&#8243; img_size=&#8220;large&#8220; alignment=&#8220;center&#8220; qode_css_animation=&#8220;&#8220; css=&#8220;.vc_custom_1478850602515{margin-bottom: 20px !important;}&#8220;]<div class=\"custom_font_holder\" style=\" font-size: 35px; line-height: 26px; font-style: normal; font-weight: 300; color: #ffffff; text-decoration: none; text-align: center;\"><strong>PRINZ HENKI I. VOM FASS, BRINGT STIMMUNG UND SPASS<\/strong><\/div>[vc_separator type=&#8220;transparent&#8220; up=&#8220;15&#8243; down=&#8220;0&#8243;][vc_column_text css=&#8220;.vc_custom_1487254419189{margin-top: 20px !important;margin-right: 20px !important;margin-left: 20px !important;padding-top: 20px !important;padding-bottom: 20px !important;}&#8220;]<\/p>\n<p style=\"text-align: justify;\"><span style=\"color: #000000;\"><img decoding=\"async\" loading=\"lazy\" class=\"wp-image-16275 alignright\" src=\"http:\/\/wakage.de\/wp-content\/uploads\/2017\/02\/Prinzenorden_2016_Henkenjohan.jpg\" alt=\"Prinzenorden 2016\" width=\"322\" height=\"225\" srcset=\"https:\/\/wakage.de\/wp-content\/uploads\/2017\/02\/Prinzenorden_2016_Henkenjohan.jpg 1024w, https:\/\/wakage.de\/wp-content\/uploads\/2017\/02\/Prinzenorden_2016_Henkenjohan-300x210.jpg 300w, https:\/\/wakage.de\/wp-content\/uploads\/2017\/02\/Prinzenorden_2016_Henkenjohan-768x537.jpg 768w, https:\/\/wakage.de\/wp-content\/uploads\/2017\/02\/Prinzenorden_2016_Henkenjohan-700x489.jpg 700w\" sizes=\"(max-width: 322px) 100vw, 322px\" \/><span style=\"color: #ffffff;\">Warendorf (pw) \u2013 Uwe Henkenjohann\u00a0ist am Samstag in der Kreienbaum-Halle als Prinz der Warendorfer Karnevalsgesellschaft (WaKaGa) proklamiert worden. Sein Prinzentitel ist gleichzeitig so etwas wie eine Regierungserkl\u00e4rung: \u201eHenki I. vom Fass bringt Stimmung und Spass\u201c.<\/span><\/span><\/p>\n<p>&nbsp;<\/p>\n<p style=\"text-align: justify;\"><span style=\"color: #ffffff;\">Henki I. \u201eVom Fass bringt Stimmung und Spass\u201c: Uwe Henkenjohann ist Prinz der Warendorfer Karnevalsgesellschaft in der Session 2016.<\/span><\/p>\n<p>&nbsp;<\/p>\n<p style=\"text-align: justify;\"><span style=\"color: #ffffff;\">Der 50-j\u00e4hrige Unternehmer aus Warendorf will in einer kurzen Session \u201edrei Wochen die Kuh fliegen lassen\u201c. Henkenjohann ist geb\u00fcrtiger Emsst\u00e4dter (25. Februar 1965), seit Juni 1999 verheiratet mit Ehefrau Anne (49) geborene Reinke und hat einen Sohn (Luca, 16 Jahre).<\/span><\/p>\n<p>&nbsp;<\/p>\n<p><span style=\"color: #ffffff;\">Start als \u201eDiesel\u201c-Wirt<\/span><\/p>\n<p>&nbsp;<\/p>\n<p style=\"text-align: justify;\"><span style=\"color: #ffffff;\">Der gelernte Dachdecker ist in Warendorf zun\u00e4chst als Gastronom bekanntgeworden (1993 bis 1997 Wirt des \u201eCafe Diesel\u201c) und ist dann in den Einzelhandel gewechselt. 1997 er\u00f6ffnete er als selbstst\u00e4ndiger Franchisenehmer in Warendorf (zun\u00e4chst am Markt 9) eine der ersten Filialen deutschlandweit der Kette \u201eVom Fass\u201c (Sitz in Waldburg), f\u00fcr die er seit 1999 als Partnerbetreuer (Leitung Expansion Gebiet Nord) t\u00e4tig ist. Das Gesch\u00e4ft in Warendorf f\u00fchrt seit dem Umzug in das Ladenlokal M\u00fcnsterstra\u00dfe 32 im Jahr 2003 seine Frau Anne.<\/span><\/p>\n<p>&nbsp;<\/p>\n<p style=\"text-align: justify;\"><span style=\"color: #ffffff;\">Uwe Henkenjohann war sechs Jahre Vorsitzender der Warendorfer Kaufmannschaft, ist Gr\u00fcndungsmitglied des Vereins zur F\u00f6rderung des Fu\u00dfballsports in Warendorf (VFFW) sowie des Bayern-M\u00fcnchen-Fanclubs \u201eBavarendorf\u201c. Als passives Mitglied im B\u00fcrgersch\u00fctzenverein und im Habaka (Handball-Karnevalisten) wei\u00df er die Feste zu feiern.<\/span><\/p>\n<p>&nbsp;<\/p>\n<p><span style=\"color: #ffffff;\">Mit \u201eLuftpumpen\u201c jeck<\/span><\/p>\n<p>&nbsp;<\/p>\n<p style=\"text-align: justify;\"><span style=\"color: #ffffff;\">Wichtigste Hobbys sind der Kegelclub \u201eDie Luftpumpen\u201c (viermaliger Kegel-Stadtmeister seit 2012) und die Teilnahme an Mofarennen (\u201eLuftpumpen Racing Team\u201c). Mit seinen Kumpels von den \u201eLuftpumpen\u201c und deren Familien ist Henkenjohann seit 2009 auch im Warendorfer Rosenmontagszug mit einem Themenwagen (gebaut vom KC Stusa) regelm\u00e4\u00dfig dabei.<\/span><\/p>\n<p>&nbsp;<\/p>\n<p style=\"text-align: justify;\"><span style=\"color: #ffffff;\">Ma\u00dfgeblich dazu beigetragen, dass \u201eHenki I.\u201c vom \u201ebazillus carnevalensis\u201c infiziert wurde, sind Peter (Prinz 2009) und Susanne Steinkamp (lange aktiv im WaKaGe-Ballett, Annemarie 1995). Mit dem von Hofs\u00e4nger Frank H\u00fclsbusch gesungenen Prinzenlied auf die Melodie des H\u00f6hner-Songs \u201eSteh auf, mach laut\u201c will Prinz Henki I. seine frohe Botschaft in die S\u00e4le und in den Stra\u00dfenkarneval tragen: \u201eVom Fass macht Spass\u201c.<\/span><\/p>\n<p>&nbsp;<\/p>\n<p><span style=\"color: #ffffff;\">(Text: Peter Wild &#8211; <span class=\"authorEntry\"><span class=\"authorPropertyValue\"><a style=\"color: #ffffff;\" href=\"mailto:wild@die-glocke.de\">wild@die-glocke.de<\/a><\/span><\/span> \/ Foto: Foto Kaup &#8211; <strong><a style=\"color: #ffffff;\" href=\"http:\/\/www.foto-kaup.de\">http:\/\/www.foto-kaup.de<\/a><\/strong>)<\/span>[\/vc_column_text][\/vc_column][\/vc_row]<\/p>\n","protected":false},"excerpt":{"rendered":"<p>[vc_row row_type=&#8220;row&#8220; use_row_as_full_screen_section=&#8220;no&#8220; type=&#8220;full_width&#8220; angled_section=&#8220;no&#8220; text_align=&#8220;left&#8220; background_image_as_pattern=&#8220;without_pattern&#8220; css_animation=&#8220;&#8220;][vc_column][vc_separator type=&#8220;transparent&#8220; up=&#8220;15&#8243; down=&#8220;0&#8243;][vc_single_image image=&#8220;16021&#8243; img_size=&#8220;large&#8220; alignment=&#8220;center&#8220; qode_css_animation=&#8220;&#8220; css=&#8220;.vc_custom_1478850602515{margin-bottom: 20px !important;}&#8220;][vc_separator type=&#8220;transparent&#8220; up=&#8220;15&#8243; down=&#8220;0&#8243;][vc_column_text css=&#8220;.vc_custom_1487254419189{margin-top: 20px !important;margin-right: 20px !important;margin-left: 20px !important;padding-top: 20px !important;padding-bottom: 20px !important;}&#8220;] Warendorf (pw) \u2013 Uwe Henkenjohann\u00a0ist am Samstag in der Kreienbaum-Halle als Prinz der&#8230;<\/p>\n","protected":false},"author":1,"featured_media":0,"parent":0,"menu_order":0,"comment_status":"closed","ping_status":"closed","template":"","meta":{"footnotes":""},"_links":{"self":[{"href":"https:\/\/wakage.de\/index.php\/wp-json\/wp\/v2\/pages\/15478"}],"collection":[{"href":"https:\/\/wakage.de\/index.php\/wp-json\/wp\/v2\/pages"}],"about":[{"href":"https:\/\/wakage.de\/index.php\/wp-json\/wp\/v2\/types\/page"}],"author":[{"embeddable":true,"href":"https:\/\/wakage.de\/index.php\/wp-json\/wp\/v2\/users\/1"}],"replies":[{"embeddable":true,"href":"https:\/\/wakage.de\/index.php\/wp-json\/wp\/v2\/comments?post=15478"}],"version-history":[{"count":59,"href":"https:\/\/wakage.de\/index.php\/wp-json\/wp\/v2\/pages\/15478\/revisions"}],"predecessor-version":[{"id":16313,"href":"https:\/\/wakage.de\/index.php\/wp-json\/wp\/v2\/pages\/15478\/revisions\/16313"}],"wp:attachment":[{"href":"https:\/\/wakage.de\/index.php\/wp-json\/wp\/v2\/media?parent=15478"}],"curies":[{"name":"wp","href":"https:\/\/api.w.org\/{rel}","templated":true}]}}