{"id":15323,"date":"2014-09-29T14:50:06","date_gmt":"2014-09-29T12:50:06","guid":{"rendered":"http:\/\/demo.qodeinteractive.com\/bridge42\/?page_id=15323"},"modified":"2026-02-08T13:50:34","modified_gmt":"2026-02-08T12:50:34","slug":"die-formationen","status":"publish","type":"page","link":"https:\/\/wakage.de\/index.php\/die-formationen\/","title":{"rendered":"Die Formationen"},"content":{"rendered":"<p>[vc_row row_type=&#8220;row&#8220; use_row_as_full_screen_section=&#8220;no&#8220; type=&#8220;grid&#8220; angled_section=&#8220;no&#8220; text_align=&#8220;center&#8220; background_image_as_pattern=&#8220;without_pattern&#8220; padding_top=&#8220;20&#8243; padding_bottom=&#8220;20&#8243; css_animation=&#8220;&#8220;][vc_column][vc_separator type=&#8220;transparent&#8220;][vc_column_text]<\/p>\n<h3 style=\"text-align: center;\">DER SENAT<\/h3>\n<p>[\/vc_column_text][vc_separator type=&#8220;transparent&#8220; up=&#8220;15&#8243; down=&#8220;0&#8243;][vc_single_image image=&#8220;19243&#8243; img_size=&#8220;large&#8220; alignment=&#8220;center&#8220; qode_css_animation=&#8220;&#8220;][vc_separator type=&#8220;transparent&#8220; up=&#8220;15&#8243; down=&#8220;0&#8243;][vc_row_inner row_type=&#8220;row&#8220; type=&#8220;full_width&#8220; text_align=&#8220;left&#8220; css_animation=&#8220;&#8220; css=&#8220;.vc_custom_1412002340586{padding-top: 20px !important;padding-right: 20px !important;padding-bottom: 20px !important;padding-left: 20px !important;}&#8220;][vc_column_inner][vc_column_text css=&#8220;.vc_custom_1741883120483{padding-right: 150px !important;padding-left: 150px !important;}&#8220;]<\/p>\n<p style=\"text-align: left;\">Der Senat stellt den gew\u00e4hlten Vorstand der WaKaGe dar.<\/p>\n<p style=\"text-align: left;\">Aktuell wird er vertreten durch:<\/p>\n<ul>\n<li>Pr\u00e4sident Hermann-Josef Schulze-Zumloh<\/li>\n<li>1. Vizepr\u00e4sident (Statthalter) Volker Br\u00fcgge<\/li>\n<li>2. Vizepr\u00e4sident Dirk T\u00f6nnies<\/li>\n<li>S\u00e4ckelmeister Frank Gerding<\/li>\n<li>Ratsschreiber Dirk T\u00f6nnies\/Kai von Stockum (kommissarisch)<\/li>\n<li>Hofmarschall Thomas Steinhoff<\/li>\n<li>Senator ZBV 1 Thomas W\u00f6rmann<\/li>\n<li>Senator ZBV 2 Anne Kieskemper<\/li>\n<li>Adjutant Christian G\u00f6vert<\/li>\n<li>Ausrufer Kai von Stockum<\/li>\n<\/ul>\n<p><span style=\"font-size: 8pt;\"><em>Stand: 07.06.2024<\/em><\/span><\/p>\n<p>&#8230; auch auf dem Bild &#8211; Hofs\u00e4ngerin Linda T\u00f6nnies und Annemarie Laura Caspers<\/p>\n<p>&nbsp;<\/p>\n<p style=\"text-align: justify;\">Der Senat tr\u00e4gt die Verantwortung f\u00fcr die WaKaGe. Die Organisation der Saalfeste geh\u00f6rt ebenso zu den Aufgaben wie die Koordination der Termine des amtierenden Prinzen.<br \/>\nDer Pr\u00e4sident vertritt die WaKaGe nach au\u00dfen und pr\u00e4sentiert den Verein in der \u00d6ffentlichkeit.<\/p>\n<p style=\"text-align: justify;\">Der Prinz wird vom Hofmarschall begleitet, der auch die Planung der prinzlichen Aktivit\u00e4ten koordiniert.<\/p>\n<p style=\"text-align: justify;\">Die Senatoren stehen als Team gemeinsam f\u00fcr die Karnevalisten der WaKaGe und f\u00fcr alle anderen Narren in und um Warendorf als Ansprechpartner zur Verf\u00fcgung.<\/p>\n<p style=\"text-align: justify;\">In gemeinsamen Sitzungen mit den Formationsf\u00fchrern werden Neuerungen und Ideen diskutiert und in die Planung zuk\u00fcnftiger Feste und Veranstaltungen integriert. Neben der Organisation des Warendorfer Karnevals kommt die Geselligkeit im Senat nicht zu kurz. Denn auch f\u00fcr die Senatoren der WaKaGe gilt: \u201eDie sch\u00f6nste Zeit im Jahr ist Karneval&#8220;<\/p>\n<p>[\/vc_column_text][\/vc_column_inner][\/vc_row_inner][vc_separator type=&#8220;transparent&#8220; up=&#8220;60&#8243; down=&#8220;0&#8243;][vc_column_text]<\/p>\n<h3 style=\"text-align: center;\">DER ELFERRAT<\/h3>\n<p>[\/vc_column_text][vc_separator type=&#8220;transparent&#8220; up=&#8220;15&#8243; down=&#8220;0&#8243;][vc_single_image image=&#8220;19240&#8243; img_size=&#8220;large&#8220; alignment=&#8220;center&#8220; qode_css_animation=&#8220;&#8220;][vc_separator type=&#8220;transparent&#8220; up=&#8220;15&#8243; down=&#8220;0&#8243;][vc_column_text css=&#8220;.vc_custom_1765481794668{padding-right: 150px !important;padding-left: 150px !important;}&#8220;]<\/p>\n<p style=\"text-align: left;\"><strong><em>\u201eElf M\u00e4nner im Smoking, elf Herren von Welt&#8230;&#8230;..\u201c<\/em><\/strong><\/p>\n<p style=\"text-align: justify;\">so hei\u00dft es im Formationslied des Warendorfer Elferrates. Diese Formation, die im Jahre 1889 erstmals geschichtlich erw\u00e4hnt wurde,\u00a0 ist mit Abstand die dienst\u00e4lteste Formation der WaKaGe.<\/p>\n<p style=\"text-align: justify;\">Der Elferrat kann mit Fug und Recht behaupten, ma\u00dfgeblich die Geschicke der Warendorfer Karnevalsgesellschaft bestimmt zu haben. Aus seinen Reihen sind sie hervorgegangen, die gro\u00dfen Karnevalisten, die zu hohen und h\u00f6chsten Ehren aufgestiegen sind. Der Elferrat hat sich dadurch immer wieder neu finden m\u00fcssen und hat auch gegen manche \u201emoderne\u201c Ver\u00e4nderung ank\u00e4mpfen m\u00fcssen. Aber Traditionsbewusstsein, geleitet von jener oft beschriebenen helfenden und verstehenden Freundschaft, und die Pflege karnevalistischen Brauchtums sollte das Schiff des Elferrates immer auf den richtigen Kurs halten.<\/p>\n<p style=\"text-align: justify;\">Frohsinn und geselliges Miteinander zu verbinden wie auch Freundschaften nach innen und au\u00dfen zu Garden oder anderen Gesellschaften zu pflegen, das ist seit nunmehr 118 Jahren das Ziel des Elferrates der Warendorfer Karnevalsgesellschaft.<\/p>\n<p style=\"text-align: justify;\">Aus den Reihen des Elferrates erklommen bisher 15 M\u00e4nner den h\u00f6chsten karnevalistischen Thron, den man erreichen kann: Sie wurden zum Prinz Karneval in Warendorf proklamiert.<\/p>\n<p>[\/vc_column_text][vc_separator type=&#8220;transparent&#8220; up=&#8220;60&#8243; down=&#8220;0&#8243;][vc_column_text]<\/p>\n<h3 style=\"text-align: center;\">DIE PRINZENGARDE<\/h3>\n<p>[\/vc_column_text][vc_separator type=&#8220;transparent&#8220; up=&#8220;15&#8243; down=&#8220;0&#8243;][vc_single_image image=&#8220;19235&#8243; img_size=&#8220;large&#8220; alignment=&#8220;center&#8220; qode_css_animation=&#8220;&#8220;][vc_separator type=&#8220;transparent&#8220; up=&#8220;15&#8243; down=&#8220;0&#8243;][vc_column_text css=&#8220;.vc_custom_1765481777699{padding-right: 150px !important;padding-left: 150px !important;}&#8220;]<\/p>\n<p style=\"text-align: left;\"><strong>Liebe Karnevalsfreunde (Freunde des Karnevals),<\/strong><\/p>\n<p style=\"text-align: justify;\">die so genannte \u201e5.Jahreszeit\u201c hat es uns Jecken angetan. Wir sind die Prinzengarde des Warendorfer Karnevalsprinzen und begleiten ihn auf Schritt und Tritt. W\u00e4hrend der \u201etollen Tage\u201c sind unz\u00e4hlige Termine zu bew\u00e4ltigen, und es gibt Tage,\u00a0 an denen es fast unm\u00f6glich scheint, dem Terminplan gerecht zu werden. Aber auch diese Situationen werden innerhalb der gro\u00dfen WaKaGe-Familie\u00a0 gel\u00f6st. Nat\u00fcrlich mit dem entsprechenden Humor und der Heiterkeit, um Freude und Spa\u00df in allen S\u00e4\u00e4len zu verbreiten.<\/p>\n<p style=\"text-align: justify;\">W\u00e4hrend der \u201ekarnevalslosen Zeit\u201c geht es zwar ruhiger zu, und trotzdem haben wir\u00a0 auch hier sehr viele Termine, um auf der einen Seite die bevorstehende Session vorzubereiten oder aber um gemeinsam mit den Gardisten andere Events zu besuchen.\u00a0 Wie man sieht, wird es in unseren Reihen nicht langweilig, im Gegenteil. Das st\u00e4ndige Miteinander tut der Gemeinschaft sehr gut und ist jedes Jahr aufs Neue unsere Basis f\u00fcr das karnevalistische Treiben in der neuen Session.<\/p>\n<p style=\"text-align: justify;\">Vielleicht bist Du ja auch ein Jeck und in dir stecken ungeahnte Potenziale!?<\/p>\n<p style=\"text-align: justify;\">Als Prinzengarde ist die Truppe rund um den Prinzen eine eingeschworene Gemeinschaft, die jedoch gern neue Mitglieder in ihren Reihen begr\u00fc\u00dft. Daher kann sich jeder, der auch gern die roten Farben tragen m\u00f6chte, unverbindlich bei einem der Vorstandsmitglieder melden, um N\u00e4heres zu besprechen.<\/p>\n<p style=\"text-align: left;\">3x Helau<\/p>\n<p style=\"text-align: left;\"><strong>Eure Prinzengarde<\/strong><\/p>\n<p>[\/vc_column_text][vc_separator type=&#8220;transparent&#8220; up=&#8220;60&#8243; down=&#8220;0&#8243;][vc_column_text]<\/p>\n<h3 style=\"text-align: center;\">DIE JUKA 441<\/h3>\n<p>[\/vc_column_text][vc_separator type=&#8220;transparent&#8220; up=&#8220;15&#8243; down=&#8220;0&#8243;][vc_single_image image=&#8220;19242&#8243; img_size=&#8220;large&#8220; alignment=&#8220;center&#8220; qode_css_animation=&#8220;&#8220;][vc_separator type=&#8220;transparent&#8220; up=&#8220;27&#8243; down=&#8220;0&#8243;][vc_column_text css=&#8220;.vc_custom_1770555031640{padding-right: 150px !important;padding-left: 150px !important;}&#8220;]<\/p>\n<p style=\"text-align: justify;\"><b>Die JuKa 441 w\u00fcnscht allen Jecken ein dreifach kr\u00e4ftiges Helau!<\/b><\/p>\n<p style=\"text-align: justify;\">Auch wir haben seit der letzten Session wieder einiges erlebt und m\u00f6chten euch auf diesem Wege ein wenig daran teilhaben lassen. Wir sind die j\u00fcngste Formation der WaKaGe-Familie, die in dieser Session ihr 60.-j\u00e4hriges Jubil\u00e4um feiert.<span class=\"Apple-converted-space\">\u00a0<\/span><\/p>\n<p style=\"text-align: justify;\">Die neue Session Begann wie gewohnt mit der PriPro. Auch dieses Jahr wieder in einer neuen Location. Aber auch dort gab es nat\u00fcrlich wieder viele Spekulationen, wer denn der neue Prinz sein wird. Geworden ist es Prinz Matthias I., &#8222;Der Warendorfer Tabler aus dem Elferrat&#8220;.<\/p>\n<p style=\"text-align: justify;\">Zudem gab es auch bei uns in der JuKa Ver\u00e4nderungen. Unser Vize-Pr\u00e4sident Gianluca Otto hat seinen Austritt verk\u00fcndet. Somit musss auch das Amt des Vize-Pr\u00e4sidenten neu besetzt werden. \u00dcbernommen hat diese Aufgabe unser Vorheriger Kassenwart Maurice Grontzki. Aber das war noch nicht alles. Wir haben auch wieder zwei neue Jukalisten aufgenommen und eingekleidet. Unsere Neumitglieder hei\u00dfen Jan Vorwerk und Christoph Elfenk\u00e4mper.<span class=\"Apple-converted-space\">\u00a0<\/span><\/p>\n<p style=\"text-align: justify;\">Auch in diesem Jahr fand wieder unsere \u201eFahrt in den Mai\u201c statt. Nach einer sch\u00f6nen Radtour durch Warendorf, haben wir diese im Tennisheim in Sassenberg ausklingen lassen.<span class=\"Apple-converted-space\">\u00a0<\/span><\/p>\n<p style=\"text-align: justify;\">Zudem stand auch unsere allj\u00e4hrliche Juka-Tour vor der T\u00fcr. Dieses Jahr hat sich das Orga-Team dazu entschieden, mit uns in unser Nachbarland Belgien, genauer gesagt in die Stadt Gent, zu fahren. Dort haben drei sch\u00f6ne Tage, unteranderem in der Historischen Altstadt, sch\u00f6nen Kneipen und auf dem Wasser verbracht.<\/p>\n<p style=\"text-align: justify;\">Die JuKa, w\u00fcnscht allen Jecken eine fr\u00f6hliche Session 2025\/2026!<\/p>\n<p style=\"text-align: justify;\"><b>Eure JuKa 441<\/b><b><\/b><\/p>\n<p>[\/vc_column_text][vc_separator type=&#8220;transparent&#8220; up=&#8220;60&#8243; down=&#8220;0&#8243;][vc_column_text]<\/p>\n<h3 style=\"text-align: center;\">DIE GEMEINSCHAFT EHEMALIGER PRINZEN<\/h3>\n<p>[\/vc_column_text][vc_separator type=&#8220;transparent&#8220; up=&#8220;15&#8243; down=&#8220;0&#8243;][vc_single_image image=&#8220;19232&#8243; img_size=&#8220;large&#8220; alignment=&#8220;center&#8220; qode_css_animation=&#8220;&#8220;][vc_separator type=&#8220;transparent&#8220; up=&#8220;27&#8243; down=&#8220;0&#8243;][vc_column_text css=&#8220;.vc_custom_1559735915272{padding-right: 150px !important;padding-left: 150px !important;}&#8220;]<\/p>\n<p style=\"text-align: justify;\">Wie der Name schon ausdr\u00fcckt, handelt es sich hier um den freundschaftlichen Zusammenschlu\u00df ehemaliger Prinzen, oder anders ausgedr\u00fcckt: Geballte Prinzenmacht tritt auf. Kraft ihres Prinzenamtes sind zur Zeit 36 ehemalige Prinzen (nicht alte Prinzen) in dieser Gemeinschaft vereint. Zu ihrer origin\u00e4ren Aufgabe z\u00e4hlt in jedem Jahr die Suche und Auswahl des richtigen Prinzenkandidaten. In absolut hermetisch abgeriegelten R\u00e4umen finden die Konferenzen statt, bis der Gro\u00dff\u00fcrst der ehemaligen Prinzen bekannt gibt.<\/p>\n<p style=\"text-align: left;\">&#8211; Wir haben die Wahl getroffen, wir haben f\u00fcr die n\u00e4chste Session einen neuen Prinzen &#8211;<\/p>\n<p style=\"text-align: left;\">Nun hei\u00dft es Wahrung dieses Geheimnisses bis zum Einzug der neuen Tollit\u00e4t im Verlauf der j\u00e4hrlich Mitte Januar stattfindenden Prinzenproklamation, \u00fcbrigens ein Fest der Spitzenklasse.<\/p>\n<p style=\"text-align: left;\">Als Sprecher der Gemeinschaft der ehemaligen Prinzen wurde Peter Steinkamp\u00a0gew\u00e4hlt, ihm zur Seite steht Thomas &#8222;\u00d6mpe&#8220; W\u00f6rmann.<\/p>\n<p>[\/vc_column_text][vc_separator type=&#8220;transparent&#8220; up=&#8220;60&#8243; down=&#8220;0&#8243;][vc_column_text]<\/p>\n<h3 style=\"text-align: center;\">DAS GROSSE WAKAGE-BALLETT<\/h3>\n<p>[\/vc_column_text][vc_separator type=&#8220;transparent&#8220; up=&#8220;15&#8243; down=&#8220;0&#8243;][vc_single_image image=&#8220;19227&#8243; img_size=&#8220;large&#8220; alignment=&#8220;center&#8220; qode_css_animation=&#8220;&#8220;][vc_separator type=&#8220;transparent&#8220; up=&#8220;27&#8243; down=&#8220;0&#8243;][vc_column_text css=&#8220;.vc_custom_1559735933279{padding-right: 150px !important;padding-left: 150px !important;}&#8220;]<\/p>\n<p style=\"text-align: justify;\">Das gro\u00dfe WaKaGe-Ballett kann wirklich als das Aush\u00e4ngeschild der WaKaGe gesehen werden. Zur Zeit besteht diese Tanzformation aus 27 M\u00e4dchen, die es geschafft haben, in die obere Spitzenklasse im Karnevalstanz in Westfalen aufzusteigen. Buchungen f\u00fcr Veranstaltungen aller Art, nicht nur im Karneval, das ganze Jahr \u00fcber, machen die Klasse dieses Balletts deutlich. Gro\u00dfartige Erfolge im hiesigen Raum wie auch auf Meisterschaften zeichnen die hervorragenden Tanzk\u00fcnste dieser Gruppe aus. Im Jahre 2008 wurde das Ballett wiederholt (nach 2001 &amp; 2006) zur gro\u00dfen Karnevalsfernsehsendung vom WDR eingeladen.<\/p>\n<p>[\/vc_column_text][vc_separator type=&#8220;transparent&#8220; up=&#8220;60&#8243; down=&#8220;0&#8243;][vc_column_text]<\/p>\n<h3 style=\"text-align: center;\">DIE FL\u00d6CKCHEN<\/h3>\n<p>[\/vc_column_text][vc_separator type=&#8220;transparent&#8220; up=&#8220;15&#8243; down=&#8220;0&#8243;][vc_single_image image=&#8220;19212&#8243; img_size=&#8220;large&#8220; alignment=&#8220;center&#8220; qode_css_animation=&#8220;&#8220;][vc_separator type=&#8220;transparent&#8220; up=&#8220;15&#8243; down=&#8220;0&#8243;][vc_column_text css=&#8220;.vc_custom_1700558719019{padding-right: 150px !important;padding-left: 150px !important;}&#8220;]<\/p>\n<p style=\"text-align: justify;\">In der Gruppe der Fl\u00f6ckchen sind M\u00e4dchen vereint im Alter von 10 \u2013 15 Jahren. Sehr oft aufsteigend aus der Gruppe der H\u00fcpfer bringen diese M\u00e4dchen schon Erfahrung im Tanz mit und werden weiter geschult und trainiert auf sportlichen Tanz, Mimik, Gestik und Ausstrahlung.<\/p>\n<p>[\/vc_column_text][vc_separator type=&#8220;transparent&#8220; up=&#8220;60&#8243; down=&#8220;0&#8243;][vc_column_text]<\/p>\n<h3 style=\"text-align: center;\">DIE H\u00dcPFER<\/h3>\n<p>[\/vc_column_text][vc_separator type=&#8220;transparent&#8220; up=&#8220;15&#8243; down=&#8220;0&#8243;][vc_single_image image=&#8220;19231&#8243; img_size=&#8220;large&#8220; alignment=&#8220;center&#8220; qode_css_animation=&#8220;&#8220;][vc_separator type=&#8220;transparent&#8220; up=&#8220;15&#8243; down=&#8220;0&#8243;][vc_column_text css=&#8220;.vc_custom_1477986037723{padding-right: 150px !important;padding-left: 150px !important;}&#8220;]<\/p>\n<p style=\"text-align: left;\">Hierbei handelt es sich um M\u00e4dchen im Alter von 6 \u2013 10 Jahren, die mit viel Einf\u00fchlungsverm\u00f6gen aufbauendem Training an den karnevalistischen Tanz herangef\u00fchrt werden.<\/p>\n<p>[\/vc_column_text][vc_separator type=&#8220;transparent&#8220; up=&#8220;60&#8243; down=&#8220;0&#8243;][vc_column_text]<\/p>\n<h3 style=\"text-align: center;\">DIE BAMBINOS<\/h3>\n<p>[\/vc_column_text][vc_separator type=&#8220;transparent&#8220; up=&#8220;15&#8243; down=&#8220;0&#8243;][vc_single_image image=&#8220;19252&#8243; img_size=&#8220;large&#8220; alignment=&#8220;center&#8220; qode_css_animation=&#8220;&#8220;][vc_separator type=&#8220;transparent&#8220; up=&#8220;15&#8243; down=&#8220;0&#8243;][vc_column_text css=&#8220;.vc_custom_1477986046035{padding-right: 150px !important;padding-left: 150px !important;}&#8220;]<\/p>\n<p style=\"text-align: left;\">Hierbei handelt es sich um M\u00e4dchen im Alter bis zu 6 Jahren, die mit viel Einf\u00fchlungsverm\u00f6gen an den karnevalistischen Tanz herangef\u00fchrt werden.<\/p>\n<p>[\/vc_column_text][\/vc_column][\/vc_row][vc_row row_type=&#8220;row&#8220; use_row_as_full_screen_section=&#8220;no&#8220; type=&#8220;full_width&#8220; angled_section=&#8220;no&#8220; text_align=&#8220;left&#8220; background_image_as_pattern=&#8220;without_pattern&#8220; css_animation=&#8220;&#8220;][vc_column][\/vc_column][\/vc_row]<\/p>\n","protected":false},"excerpt":{"rendered":"<p>[vc_row row_type=&#8220;row&#8220; use_row_as_full_screen_section=&#8220;no&#8220; type=&#8220;grid&#8220; angled_section=&#8220;no&#8220; text_align=&#8220;center&#8220; background_image_as_pattern=&#8220;without_pattern&#8220; padding_top=&#8220;20&#8243; padding_bottom=&#8220;20&#8243; css_animation=&#8220;&#8220;][vc_column][vc_separator type=&#8220;transparent&#8220;][vc_column_text] DER SENAT [\/vc_column_text][vc_separator type=&#8220;transparent&#8220; up=&#8220;15&#8243; down=&#8220;0&#8243;][vc_single_image image=&#8220;19243&#8243; img_size=&#8220;large&#8220; alignment=&#8220;center&#8220; qode_css_animation=&#8220;&#8220;][vc_separator type=&#8220;transparent&#8220; up=&#8220;15&#8243; down=&#8220;0&#8243;][vc_row_inner row_type=&#8220;row&#8220; type=&#8220;full_width&#8220; text_align=&#8220;left&#8220; css_animation=&#8220;&#8220; css=&#8220;.vc_custom_1412002340586{padding-top: 20px !important;padding-right: 20px !important;padding-bottom: 20px !important;padding-left: 20px !important;}&#8220;][vc_column_inner][vc_column_text css=&#8220;.vc_custom_1741883120483{padding-right: 150px !important;padding-left: 150px !important;}&#8220;] Der Senat stellt&#8230;<\/p>\n","protected":false},"author":1,"featured_media":0,"parent":0,"menu_order":0,"comment_status":"open","ping_status":"closed","template":"full_width.php","meta":{"footnotes":""},"_links":{"self":[{"href":"https:\/\/wakage.de\/index.php\/wp-json\/wp\/v2\/pages\/15323"}],"collection":[{"href":"https:\/\/wakage.de\/index.php\/wp-json\/wp\/v2\/pages"}],"about":[{"href":"https:\/\/wakage.de\/index.php\/wp-json\/wp\/v2\/types\/page"}],"author":[{"embeddable":true,"href":"https:\/\/wakage.de\/index.php\/wp-json\/wp\/v2\/users\/1"}],"replies":[{"embeddable":true,"href":"https:\/\/wakage.de\/index.php\/wp-json\/wp\/v2\/comments?post=15323"}],"version-history":[{"count":97,"href":"https:\/\/wakage.de\/index.php\/wp-json\/wp\/v2\/pages\/15323\/revisions"}],"predecessor-version":[{"id":19257,"href":"https:\/\/wakage.de\/index.php\/wp-json\/wp\/v2\/pages\/15323\/revisions\/19257"}],"wp:attachment":[{"href":"https:\/\/wakage.de\/index.php\/wp-json\/wp\/v2\/media?parent=15323"}],"curies":[{"name":"wp","href":"https:\/\/api.w.org\/{rel}","templated":true}]}}